{"id":3272,"date":"2026-05-06T14:40:19","date_gmt":"2026-05-06T12:40:19","guid":{"rendered":"https:\/\/leco-mobilya.com\/?post_type=product&#038;p=3272"},"modified":"2026-05-13T13:37:55","modified_gmt":"2026-05-13T11:37:55","slug":"chambre-enfant-oscar","status":"publish","type":"product","link":"https:\/\/leco-mobilya.com\/index.php\/product\/chambre-enfant-oscar\/","title":{"rendered":"Chambre Enfant OSCAR"},"content":{"rendered":"","protected":false},"excerpt":{"rendered":"<p>D\u00e9couvrez<strong> la chambre enfant OSCAR<\/strong>, un ensemble moderne et fonctionnel con\u00e7u pour offrir un espace \u00e0 la fois confortable et inspirant. Id\u00e9ale pour accompagner les moments de jeu, de repos et stimuler l\u2019imagination de vos enfants. Disponible d\u00e8s maintenant sur LECO Mobilia<\/p>\n","protected":false},"featured_media":3263,"comment_status":"open","ping_status":"closed","template":"","meta":[],"product_cat":[30,137],"product_tag":[302,309,323],"class_list":{"0":"post-3272","1":"product","2":"type-product","3":"status-publish","4":"has-post-thumbnail","6":"product_cat-chambre-enfant","7":"product_cat-chambre-enfant-complete","8":"product_tag-chambre-enfant","9":"product_tag-leco_mobilya","10":"product_tag-oscar","12":"first","13":"instock","14":"shipping-taxable","15":"purchasable","16":"product-type-simple"},"jetpack_sharing_enabled":true,"_links":{"self":[{"href":"https:\/\/leco-mobilya.com\/index.php\/wp-json\/wp\/v2\/product\/3272","targetHints":{"allow":["GET"]}}],"collection":[{"href":"https:\/\/leco-mobilya.com\/index.php\/wp-json\/wp\/v2\/product"}],"about":[{"href":"https:\/\/leco-mobilya.com\/index.php\/wp-json\/wp\/v2\/types\/product"}],"replies":[{"embeddable":true,"href":"https:\/\/leco-mobilya.com\/index.php\/wp-json\/wp\/v2\/comments?post=3272"}],"wp:featuredmedia":[{"embeddable":true,"href":"https:\/\/leco-mobilya.com\/index.php\/wp-json\/wp\/v2\/media\/3263"}],"wp:attachment":[{"href":"https:\/\/leco-mobilya.com\/index.php\/wp-json\/wp\/v2\/media?parent=3272"}],"wp:term":[{"taxonomy":"product_cat","embeddable":true,"href":"https:\/\/leco-mobilya.com\/index.php\/wp-json\/wp\/v2\/product_cat?post=3272"},{"taxonomy":"product_tag","embeddable":true,"href":"https:\/\/leco-mobilya.com\/index.php\/wp-json\/wp\/v2\/product_tag?post=3272"}],"curies":[{"name":"wp","href":"https:\/\/api.w.org\/{rel}","templated":true}]}}