{"id":3199,"date":"2026-03-30T11:45:29","date_gmt":"2026-03-30T09:45:29","guid":{"rendered":"https:\/\/leco-mobilya.com\/?post_type=product&#038;p=3199"},"modified":"2026-03-30T11:45:30","modified_gmt":"2026-03-30T09:45:30","slug":"sejour-diamant","status":"publish","type":"product","link":"https:\/\/leco-mobilya.com\/index.php\/product\/sejour-diamant\/","title":{"rendered":"S\u00e9jour Diamant"},"content":{"rendered":"","protected":false},"excerpt":{"rendered":"<p><strong>Le S\u00e9jour Diamant<\/strong> allie \u00e9l\u00e9gance et confort pour sublimer votre espace de vie. Son design moderne et ses finitions soign\u00e9es apportent une touche raffin\u00e9e, tandis que ses assises confortables garantissent des moments de d\u00e9tente agr\u00e9ables au quotidien.<\/p>\n","protected":false},"featured_media":3186,"comment_status":"open","ping_status":"closed","template":"","meta":[],"product_cat":[140,141],"product_tag":[263,316,317,313,314,167,315],"class_list":{"0":"post-3199","1":"product","2":"type-product","3":"status-publish","4":"has-post-thumbnail","6":"product_cat-meuble-salon","7":"product_cat-sejour","8":"product_tag-diamant","9":"product_tag-homedesign","10":"product_tag-interieurchic","11":"product_tag-lecomobilya","12":"product_tag-meubletunisie","13":"product_tag-sejour","14":"product_tag-tendance","16":"first","17":"instock","18":"shipping-taxable","19":"purchasable","20":"product-type-simple"},"jetpack_sharing_enabled":true,"_links":{"self":[{"href":"https:\/\/leco-mobilya.com\/index.php\/wp-json\/wp\/v2\/product\/3199","targetHints":{"allow":["GET"]}}],"collection":[{"href":"https:\/\/leco-mobilya.com\/index.php\/wp-json\/wp\/v2\/product"}],"about":[{"href":"https:\/\/leco-mobilya.com\/index.php\/wp-json\/wp\/v2\/types\/product"}],"replies":[{"embeddable":true,"href":"https:\/\/leco-mobilya.com\/index.php\/wp-json\/wp\/v2\/comments?post=3199"}],"wp:featuredmedia":[{"embeddable":true,"href":"https:\/\/leco-mobilya.com\/index.php\/wp-json\/wp\/v2\/media\/3186"}],"wp:attachment":[{"href":"https:\/\/leco-mobilya.com\/index.php\/wp-json\/wp\/v2\/media?parent=3199"}],"wp:term":[{"taxonomy":"product_cat","embeddable":true,"href":"https:\/\/leco-mobilya.com\/index.php\/wp-json\/wp\/v2\/product_cat?post=3199"},{"taxonomy":"product_tag","embeddable":true,"href":"https:\/\/leco-mobilya.com\/index.php\/wp-json\/wp\/v2\/product_tag?post=3199"}],"curies":[{"name":"wp","href":"https:\/\/api.w.org\/{rel}","templated":true}]}}