{"id":3156,"date":"2026-03-03T14:38:01","date_gmt":"2026-03-03T13:38:01","guid":{"rendered":"https:\/\/leco-mobilya.com\/?post_type=product&#038;p=3156"},"modified":"2026-03-30T10:36:04","modified_gmt":"2026-03-30T08:36:04","slug":"3156","status":"publish","type":"product","link":"https:\/\/leco-mobilya.com\/index.php\/product\/3156\/","title":{"rendered":"Chambre Enfant Pretty"},"content":{"rendered":"","protected":false},"excerpt":{"rendered":"<p data-start=\"104\" data-end=\"425\">D\u00e9couvrez la <strong data-start=\"117\" data-end=\"142\">Chambre Enfant Pretty<\/strong>, un ensemble moderne et harmonieux pens\u00e9 pour offrir \u00e0 votre enfant un espace \u00e0 la fois confortable et fonctionnel.<\/p>\n<p data-start=\"104\" data-end=\"425\">Son design \u00e9pur\u00e9, ses finitions soign\u00e9es et ses rangements pratiques cr\u00e9ent une atmosph\u00e8re chaleureuse id\u00e9ale pour le repos, l\u2019\u00e9tude et les moments de cr\u00e9ativit\u00e9.<\/p>\n<p data-start=\"104\" data-end=\"425\">Un univers doux et \u00e9l\u00e9gant qui accompagne le quotidien de vos enfants avec style.<\/p>\n<p data-start=\"104\" data-end=\"425\">Disponible d\u00e8s maintenant chez <strong data-start=\"543\" data-end=\"584\"><span class=\"hover:entity-accent entity-underline inline cursor-pointer align-baseline\"><span class=\"whitespace-normal\">LECO MOBILYA<\/span><\/span><\/strong>.<\/p>\n","protected":false},"featured_media":3157,"comment_status":"open","ping_status":"closed","template":"","meta":[],"product_cat":[30,137],"product_tag":[310,312,311,313,314],"class_list":{"0":"post-3156","1":"product","2":"type-product","3":"status-publish","4":"has-post-thumbnail","6":"product_cat-chambre-enfant","7":"product_cat-chambre-enfant-complete","8":"product_tag-chambreenfant","9":"product_tag-chambremoderne","10":"product_tag-chambrepretty","11":"product_tag-lecomobilya","12":"product_tag-meubletunisie","14":"first","15":"instock","16":"shipping-taxable","17":"purchasable","18":"product-type-simple"},"jetpack_sharing_enabled":true,"_links":{"self":[{"href":"https:\/\/leco-mobilya.com\/index.php\/wp-json\/wp\/v2\/product\/3156","targetHints":{"allow":["GET"]}}],"collection":[{"href":"https:\/\/leco-mobilya.com\/index.php\/wp-json\/wp\/v2\/product"}],"about":[{"href":"https:\/\/leco-mobilya.com\/index.php\/wp-json\/wp\/v2\/types\/product"}],"replies":[{"embeddable":true,"href":"https:\/\/leco-mobilya.com\/index.php\/wp-json\/wp\/v2\/comments?post=3156"}],"wp:featuredmedia":[{"embeddable":true,"href":"https:\/\/leco-mobilya.com\/index.php\/wp-json\/wp\/v2\/media\/3157"}],"wp:attachment":[{"href":"https:\/\/leco-mobilya.com\/index.php\/wp-json\/wp\/v2\/media?parent=3156"}],"wp:term":[{"taxonomy":"product_cat","embeddable":true,"href":"https:\/\/leco-mobilya.com\/index.php\/wp-json\/wp\/v2\/product_cat?post=3156"},{"taxonomy":"product_tag","embeddable":true,"href":"https:\/\/leco-mobilya.com\/index.php\/wp-json\/wp\/v2\/product_tag?post=3156"}],"curies":[{"name":"wp","href":"https:\/\/api.w.org\/{rel}","templated":true}]}}