{"id":3123,"date":"2026-02-17T15:49:16","date_gmt":"2026-02-17T14:49:16","guid":{"rendered":"https:\/\/leco-mobilya.com\/?post_type=product&#038;p=3123"},"modified":"2026-02-18T10:19:58","modified_gmt":"2026-02-18T09:19:58","slug":"pack-glamour","status":"publish","type":"product","link":"https:\/\/leco-mobilya.com\/index.php\/product\/pack-glamour\/","title":{"rendered":"Pack Glamour"},"content":{"rendered":"","protected":false},"excerpt":{"rendered":"<article class=\"text-token-text-primary w-full focus:outline-none [--shadow-height:45px] has-data-writing-block:pointer-events-none has-data-writing-block:-mt-(--shadow-height) has-data-writing-block:pt-(--shadow-height) [&amp;:has([data-writing-block])&gt;*]:pointer-events-auto scroll-mt-(--header-height)\" dir=\"auto\" data-turn-id=\"5feed3d1-e250-4cd1-8e97-5b39b4c996e2\" data-testid=\"conversation-turn-15\" data-scroll-anchor=\"false\" data-turn=\"user\"><\/article>\n<article class=\"text-token-text-primary w-full focus:outline-none [--shadow-height:45px] has-data-writing-block:pointer-events-none has-data-writing-block:-mt-(--shadow-height) has-data-writing-block:pt-(--shadow-height) [&amp;:has([data-writing-block])&gt;*]:pointer-events-auto scroll-mt-[calc(var(--header-height)+min(200px,max(70px,20svh)))]\" dir=\"auto\" data-turn-id=\"request-6992e16c-ca74-832f-8da6-86ca5c6c4c4e-3\" data-testid=\"conversation-turn-16\" data-scroll-anchor=\"true\" data-turn=\"assistant\">\n<div class=\"text-base my-auto mx-auto pb-10 [--thread-content-margin:--spacing(4)] @w-sm\/main:[--thread-content-margin:--spacing(6)] @w-lg\/main:[--thread-content-margin:--spacing(16)] px-(--thread-content-margin)\">\n<div class=\"[--thread-content-max-width:40rem] @w-lg\/main:[--thread-content-max-width:48rem] mx-auto max-w-(--thread-content-max-width) flex-1 group\/turn-messages focus-visible:outline-hidden relative flex w-full min-w-0 flex-col agent-turn\">\n<div class=\"flex max-w-full flex-col grow\">\n<div class=\"min-h-8 text-message relative flex w-full flex-col items-end gap-2 text-start break-words whitespace-normal [.text-message+&amp;]:mt-1\" dir=\"auto\" data-message-author-role=\"assistant\" data-message-id=\"25a85d18-66b9-4c1b-a4aa-1fb2dfc4b833\" data-message-model-slug=\"gpt-5-2\">\n<div class=\"flex w-full flex-col gap-1 empty:hidden first:pt-[1px]\">\n<div class=\"markdown prose dark:prose-invert w-full wrap-break-word light markdown-new-styling\">\n<p data-start=\"21\" data-end=\"82\">Offrez \u00e0 votre int\u00e9rieur une harmonie compl\u00e8te avec le <strong data-start=\"139\" data-end=\"155\">Pack Glamour<\/strong>, une s\u00e9lection raffin\u00e9e de meubles modernes pens\u00e9e pour sublimer chaque espace de votre maison.<\/p>\n<p data-start=\"253\" data-end=\"432\"><strong data-start=\"257\" data-end=\"288\">Chambre Adulte Nour Pro Max<\/strong><br data-start=\"288\" data-end=\"291\" \/>Un design \u00e9l\u00e9gant et contemporain, alliant confort optimal et finitions haut de gamme pour des nuits paisibles dans un cadre chic et raffin\u00e9.<\/p>\n<p data-start=\"434\" data-end=\"577\"><strong data-start=\"438\" data-end=\"457\">S\u00e9jour Victoria<\/strong><br data-start=\"457\" data-end=\"460\" \/>Un s\u00e9jour chaleureux au style moderne, id\u00e9al pour vos moments de d\u00e9tente et de convivialit\u00e9 en famille ou entre amis.<\/p>\n<p data-start=\"579\" data-end=\"735\"><strong data-start=\"583\" data-end=\"606\">Table \u00e0 manger Opus<\/strong><br data-start=\"606\" data-end=\"609\" \/>Une table au design \u00e9pur\u00e9 et robuste, parfaite pour accueillir vos repas quotidiens comme vos grandes occasions avec \u00e9l\u00e9gance.<\/p>\n<p data-start=\"737\" data-end=\"834\" data-is-last-node=\"\" data-is-only-node=\"\">Un pack complet, harmonieux et soigneusement assorti pour un int\u00e9rieur moderne et sophistiqu\u00e9.<\/p>\n<\/div>\n<\/div>\n<\/div>\n<\/div>\n<\/div>\n<\/div>\n<\/article>\n","protected":false},"featured_media":3136,"comment_status":"open","ping_status":"closed","template":"","meta":[],"product_cat":[146,250],"product_tag":[],"class_list":{"0":"post-3123","1":"product","2":"type-product","3":"status-publish","4":"has-post-thumbnail","6":"product_cat-non-classe","7":"product_cat-nos-packs","9":"first","10":"instock","11":"shipping-taxable","12":"purchasable","13":"product-type-simple"},"jetpack_sharing_enabled":true,"_links":{"self":[{"href":"https:\/\/leco-mobilya.com\/index.php\/wp-json\/wp\/v2\/product\/3123","targetHints":{"allow":["GET"]}}],"collection":[{"href":"https:\/\/leco-mobilya.com\/index.php\/wp-json\/wp\/v2\/product"}],"about":[{"href":"https:\/\/leco-mobilya.com\/index.php\/wp-json\/wp\/v2\/types\/product"}],"replies":[{"embeddable":true,"href":"https:\/\/leco-mobilya.com\/index.php\/wp-json\/wp\/v2\/comments?post=3123"}],"wp:featuredmedia":[{"embeddable":true,"href":"https:\/\/leco-mobilya.com\/index.php\/wp-json\/wp\/v2\/media\/3136"}],"wp:attachment":[{"href":"https:\/\/leco-mobilya.com\/index.php\/wp-json\/wp\/v2\/media?parent=3123"}],"wp:term":[{"taxonomy":"product_cat","embeddable":true,"href":"https:\/\/leco-mobilya.com\/index.php\/wp-json\/wp\/v2\/product_cat?post=3123"},{"taxonomy":"product_tag","embeddable":true,"href":"https:\/\/leco-mobilya.com\/index.php\/wp-json\/wp\/v2\/product_tag?post=3123"}],"curies":[{"name":"wp","href":"https:\/\/api.w.org\/{rel}","templated":true}]}}