{"id":3097,"date":"2025-12-16T10:19:25","date_gmt":"2025-12-16T09:19:25","guid":{"rendered":"https:\/\/leco-mobilya.com\/?post_type=product&#038;p=3097"},"modified":"2025-12-16T10:19:25","modified_gmt":"2025-12-16T09:19:25","slug":"sejour-domino","status":"publish","type":"product","link":"https:\/\/leco-mobilya.com\/index.php\/product\/sejour-domino\/","title":{"rendered":"S\u00e9jour Domino"},"content":{"rendered":"","protected":false},"excerpt":{"rendered":"<p data-start=\"146\" data-end=\"176\">Le <strong>S\u00e9jour Domino<\/strong><span style=\"font-size: 16px\"> allie design moderne et confort au quotidien.<\/span><\/p>\n<p data-start=\"146\" data-end=\"176\">Avec ses formes arrondies et sa conception modulable, il s\u2019adapte parfaitement \u00e0 votre espace et \u00e0 votre style de vie.<\/p>\n<p data-start=\"146\" data-end=\"176\">Son assise g\u00e9n\u00e9reuse et son tissu de qualit\u00e9 garantissent un confort optimal pour vos moments de d\u00e9tente.<\/p>\n","protected":false},"featured_media":3096,"comment_status":"open","ping_status":"closed","template":"","meta":[],"product_cat":[140,141],"product_tag":[],"class_list":{"0":"post-3097","1":"product","2":"type-product","3":"status-publish","4":"has-post-thumbnail","6":"product_cat-meuble-salon","7":"product_cat-sejour","9":"first","10":"instock","11":"shipping-taxable","12":"purchasable","13":"product-type-simple"},"jetpack_sharing_enabled":true,"_links":{"self":[{"href":"https:\/\/leco-mobilya.com\/index.php\/wp-json\/wp\/v2\/product\/3097","targetHints":{"allow":["GET"]}}],"collection":[{"href":"https:\/\/leco-mobilya.com\/index.php\/wp-json\/wp\/v2\/product"}],"about":[{"href":"https:\/\/leco-mobilya.com\/index.php\/wp-json\/wp\/v2\/types\/product"}],"replies":[{"embeddable":true,"href":"https:\/\/leco-mobilya.com\/index.php\/wp-json\/wp\/v2\/comments?post=3097"}],"wp:featuredmedia":[{"embeddable":true,"href":"https:\/\/leco-mobilya.com\/index.php\/wp-json\/wp\/v2\/media\/3096"}],"wp:attachment":[{"href":"https:\/\/leco-mobilya.com\/index.php\/wp-json\/wp\/v2\/media?parent=3097"}],"wp:term":[{"taxonomy":"product_cat","embeddable":true,"href":"https:\/\/leco-mobilya.com\/index.php\/wp-json\/wp\/v2\/product_cat?post=3097"},{"taxonomy":"product_tag","embeddable":true,"href":"https:\/\/leco-mobilya.com\/index.php\/wp-json\/wp\/v2\/product_tag?post=3097"}],"curies":[{"name":"wp","href":"https:\/\/api.w.org\/{rel}","templated":true}]}}