{"id":3066,"date":"2025-11-07T11:42:17","date_gmt":"2025-11-07T10:42:17","guid":{"rendered":"https:\/\/leco-mobilya.com\/?post_type=product&#038;p=3066"},"modified":"2026-01-13T15:09:27","modified_gmt":"2026-01-13T14:09:27","slug":"sejour-hugo","status":"publish","type":"product","link":"https:\/\/leco-mobilya.com\/index.php\/product\/sejour-hugo\/","title":{"rendered":"S\u00e9jour Hugo"},"content":{"rendered":"","protected":false},"excerpt":{"rendered":"<p><strong>Le S\u00e9jour Hugo<\/strong> incarne l\u2019harmonie parfaite entre modernit\u00e9 et confort d\u2019exception. Con\u00e7u pour offrir bien-\u00eatre et convivialit\u00e9, il s\u2019int\u00e8gre avec \u00e9l\u00e9gance dans tous les styles d\u2019int\u00e9rieur. Ses lignes raffin\u00e9es et ses mat\u00e9riaux de qualit\u00e9 cr\u00e9ent une atmosph\u00e8re chic et apaisante, faisant du <strong>S\u00e9jour Hugo<\/strong> le symbole d\u2019un art de vivre alliant style et confort sans compromis.<\/p>\n","protected":false},"featured_media":3070,"comment_status":"open","ping_status":"closed","template":"","meta":[],"product_cat":[140,141],"product_tag":[175,308,309,183,173,169,167],"class_list":{"0":"post-3066","1":"product","2":"type-product","3":"status-publish","4":"has-post-thumbnail","6":"product_cat-meuble-salon","7":"product_cat-sejour","8":"product_tag-bouclette","9":"product_tag-hugo","10":"product_tag-leco_mobilya","11":"product_tag-magique_30","12":"product_tag-noir","13":"product_tag-pouf","14":"product_tag-sejour","16":"first","17":"instock","18":"sale","19":"shipping-taxable","20":"purchasable","21":"product-type-simple"},"jetpack_sharing_enabled":true,"_links":{"self":[{"href":"https:\/\/leco-mobilya.com\/index.php\/wp-json\/wp\/v2\/product\/3066","targetHints":{"allow":["GET"]}}],"collection":[{"href":"https:\/\/leco-mobilya.com\/index.php\/wp-json\/wp\/v2\/product"}],"about":[{"href":"https:\/\/leco-mobilya.com\/index.php\/wp-json\/wp\/v2\/types\/product"}],"replies":[{"embeddable":true,"href":"https:\/\/leco-mobilya.com\/index.php\/wp-json\/wp\/v2\/comments?post=3066"}],"wp:featuredmedia":[{"embeddable":true,"href":"https:\/\/leco-mobilya.com\/index.php\/wp-json\/wp\/v2\/media\/3070"}],"wp:attachment":[{"href":"https:\/\/leco-mobilya.com\/index.php\/wp-json\/wp\/v2\/media?parent=3066"}],"wp:term":[{"taxonomy":"product_cat","embeddable":true,"href":"https:\/\/leco-mobilya.com\/index.php\/wp-json\/wp\/v2\/product_cat?post=3066"},{"taxonomy":"product_tag","embeddable":true,"href":"https:\/\/leco-mobilya.com\/index.php\/wp-json\/wp\/v2\/product_tag?post=3066"}],"curies":[{"name":"wp","href":"https:\/\/api.w.org\/{rel}","templated":true}]}}