{"id":3038,"date":"2025-07-09T14:40:59","date_gmt":"2025-07-09T12:40:59","guid":{"rendered":"https:\/\/leco-mobilya.com\/?post_type=product&#038;p=3038"},"modified":"2026-04-14T08:00:42","modified_gmt":"2026-04-14T06:00:42","slug":"penderie-julia","status":"publish","type":"product","link":"https:\/\/leco-mobilya.com\/index.php\/product\/penderie-julia\/","title":{"rendered":"Penderie  JULIA"},"content":{"rendered":"","protected":false},"excerpt":{"rendered":"<p><strong>La penderie JULIA<\/strong> allie style contemporain et fonctionnalit\u00e9. Avec ses portes au design \u00e9l\u00e9gant et ses finitions raffin\u00e9es, elle apporte une touche de modernit\u00e9 et de raffinement \u00e0 votre chambre. Ses espaces de rangement bien pens\u00e9s offrent une organisation optimale pour vos v\u00eatements et accessoires du quotidien.<\/p>\n","protected":false},"featured_media":3039,"comment_status":"open","ping_status":"closed","template":"","meta":[],"product_cat":[33,154],"product_tag":[304,305,206],"class_list":{"0":"post-3038","1":"product","2":"type-product","3":"status-publish","4":"has-post-thumbnail","6":"product_cat-chambre-adulte","7":"product_cat-penderie-adulte","8":"product_tag-chambre-adulte","9":"product_tag-julia","10":"product_tag-penderie","12":"first","13":"instock","14":"shipping-taxable","15":"purchasable","16":"product-type-simple"},"jetpack_sharing_enabled":true,"_links":{"self":[{"href":"https:\/\/leco-mobilya.com\/index.php\/wp-json\/wp\/v2\/product\/3038","targetHints":{"allow":["GET"]}}],"collection":[{"href":"https:\/\/leco-mobilya.com\/index.php\/wp-json\/wp\/v2\/product"}],"about":[{"href":"https:\/\/leco-mobilya.com\/index.php\/wp-json\/wp\/v2\/types\/product"}],"replies":[{"embeddable":true,"href":"https:\/\/leco-mobilya.com\/index.php\/wp-json\/wp\/v2\/comments?post=3038"}],"wp:featuredmedia":[{"embeddable":true,"href":"https:\/\/leco-mobilya.com\/index.php\/wp-json\/wp\/v2\/media\/3039"}],"wp:attachment":[{"href":"https:\/\/leco-mobilya.com\/index.php\/wp-json\/wp\/v2\/media?parent=3038"}],"wp:term":[{"taxonomy":"product_cat","embeddable":true,"href":"https:\/\/leco-mobilya.com\/index.php\/wp-json\/wp\/v2\/product_cat?post=3038"},{"taxonomy":"product_tag","embeddable":true,"href":"https:\/\/leco-mobilya.com\/index.php\/wp-json\/wp\/v2\/product_tag?post=3038"}],"curies":[{"name":"wp","href":"https:\/\/api.w.org\/{rel}","templated":true}]}}