{"id":3037,"date":"2025-07-09T14:08:11","date_gmt":"2025-07-09T12:08:11","guid":{"rendered":"https:\/\/leco-mobilya.com\/?post_type=product&#038;p=3037"},"modified":"2026-04-10T12:54:07","modified_gmt":"2026-04-10T10:54:07","slug":"lit-julia","status":"publish","type":"product","link":"https:\/\/leco-mobilya.com\/index.php\/product\/lit-julia\/","title":{"rendered":"Lit JULIA"},"content":{"rendered":"","protected":false},"excerpt":{"rendered":"<p><strong data-start=\"170\" data-end=\"186\">Le lit JULIA<\/strong> incarne l\u2019\u00e9l\u00e9gance douce et contemporaine. Avec sa t\u00eate de lit g\u00e9n\u00e9reusement rembourr\u00e9e et ses finitions soign\u00e9es, il cr\u00e9e une atmosph\u00e8re apaisante et chaleureuse dans votre chambre. \u00c0 la fois design et confortable, il transforme votre espace nuit en un v\u00e9ritable cocon de bien-\u00eatre.<\/p>\n","protected":false},"featured_media":2992,"comment_status":"open","ping_status":"closed","template":"","meta":[],"product_cat":[33,159],"product_tag":[200,304,305,197],"class_list":{"0":"post-3037","1":"product","2":"type-product","3":"status-publish","4":"has-post-thumbnail","6":"product_cat-chambre-adulte","7":"product_cat-lit","8":"product_tag-capitonne","9":"product_tag-chambre-adulte","10":"product_tag-julia","11":"product_tag-lit","13":"first","14":"instock","15":"shipping-taxable","16":"purchasable","17":"product-type-simple"},"jetpack_sharing_enabled":true,"_links":{"self":[{"href":"https:\/\/leco-mobilya.com\/index.php\/wp-json\/wp\/v2\/product\/3037","targetHints":{"allow":["GET"]}}],"collection":[{"href":"https:\/\/leco-mobilya.com\/index.php\/wp-json\/wp\/v2\/product"}],"about":[{"href":"https:\/\/leco-mobilya.com\/index.php\/wp-json\/wp\/v2\/types\/product"}],"replies":[{"embeddable":true,"href":"https:\/\/leco-mobilya.com\/index.php\/wp-json\/wp\/v2\/comments?post=3037"}],"wp:featuredmedia":[{"embeddable":true,"href":"https:\/\/leco-mobilya.com\/index.php\/wp-json\/wp\/v2\/media\/2992"}],"wp:attachment":[{"href":"https:\/\/leco-mobilya.com\/index.php\/wp-json\/wp\/v2\/media?parent=3037"}],"wp:term":[{"taxonomy":"product_cat","embeddable":true,"href":"https:\/\/leco-mobilya.com\/index.php\/wp-json\/wp\/v2\/product_cat?post=3037"},{"taxonomy":"product_tag","embeddable":true,"href":"https:\/\/leco-mobilya.com\/index.php\/wp-json\/wp\/v2\/product_tag?post=3037"}],"curies":[{"name":"wp","href":"https:\/\/api.w.org\/{rel}","templated":true}]}}