{"id":3029,"date":"2025-07-07T15:58:55","date_gmt":"2025-07-07T13:58:55","guid":{"rendered":"https:\/\/leco-mobilya.com\/?post_type=product&#038;p=3029"},"modified":"2026-04-14T07:58:56","modified_gmt":"2026-04-14T05:58:56","slug":"coiffeuse-alliance","status":"publish","type":"product","link":"https:\/\/leco-mobilya.com\/index.php\/product\/coiffeuse-alliance\/","title":{"rendered":"Coiffeuse ALLIANCE"},"content":{"rendered":"<p>L0.852xP0.45xH0.80M.<br \/>\nMiroir rond 80\u00d8.<\/p>\n","protected":false},"excerpt":{"rendered":"<p><strong>Coiffeuse ALLIANCE<\/strong> incarne le parfait \u00e9quilibre entre modernit\u00e9 et raffinement. Avec son design \u00e9pur\u00e9, elle cr\u00e9e une atmosph\u00e8re apaisante et contemporaine, id\u00e9ale pour un espace nuit reposant.<\/p>\n<p>&nbsp;<\/p>\n","protected":false},"featured_media":3013,"comment_status":"open","ping_status":"closed","template":"","meta":[],"product_cat":[33,153],"product_tag":[267,192,304,306],"class_list":{"0":"post-3029","1":"product","2":"type-product","3":"status-publish","4":"has-post-thumbnail","6":"product_cat-chambre-adulte","7":"product_cat-coiffeuse","8":"product_tag-alliance","9":"product_tag-blanc","10":"product_tag-chambre-adulte","11":"product_tag-coiffeuse","13":"first","14":"instock","15":"shipping-taxable","16":"purchasable","17":"product-type-simple"},"jetpack_sharing_enabled":true,"_links":{"self":[{"href":"https:\/\/leco-mobilya.com\/index.php\/wp-json\/wp\/v2\/product\/3029","targetHints":{"allow":["GET"]}}],"collection":[{"href":"https:\/\/leco-mobilya.com\/index.php\/wp-json\/wp\/v2\/product"}],"about":[{"href":"https:\/\/leco-mobilya.com\/index.php\/wp-json\/wp\/v2\/types\/product"}],"replies":[{"embeddable":true,"href":"https:\/\/leco-mobilya.com\/index.php\/wp-json\/wp\/v2\/comments?post=3029"}],"wp:featuredmedia":[{"embeddable":true,"href":"https:\/\/leco-mobilya.com\/index.php\/wp-json\/wp\/v2\/media\/3013"}],"wp:attachment":[{"href":"https:\/\/leco-mobilya.com\/index.php\/wp-json\/wp\/v2\/media?parent=3029"}],"wp:term":[{"taxonomy":"product_cat","embeddable":true,"href":"https:\/\/leco-mobilya.com\/index.php\/wp-json\/wp\/v2\/product_cat?post=3029"},{"taxonomy":"product_tag","embeddable":true,"href":"https:\/\/leco-mobilya.com\/index.php\/wp-json\/wp\/v2\/product_tag?post=3029"}],"curies":[{"name":"wp","href":"https:\/\/api.w.org\/{rel}","templated":true}]}}