{"id":3027,"date":"2025-07-07T14:57:06","date_gmt":"2025-07-07T12:57:06","guid":{"rendered":"https:\/\/leco-mobilya.com\/?post_type=product&#038;p=3027"},"modified":"2026-04-10T12:50:26","modified_gmt":"2026-04-10T10:50:26","slug":"table-de-nuit-alliance","status":"publish","type":"product","link":"https:\/\/leco-mobilya.com\/index.php\/product\/table-de-nuit-alliance\/","title":{"rendered":"Table de Nuit ALLIANCE"},"content":{"rendered":"","protected":false},"excerpt":{"rendered":"<p>Ajoutez une touche de magie \u00e0 la chambre avec<strong> la table de nuit<\/strong> <strong>ALLIANCE<\/strong>.<\/p>\n<p>Son design doux et \u00e9l\u00e9gant, tout en blanc, est sublim\u00e9. Avec son tiroir pratique, <strong>ALLIANCE<\/strong> garde secrets et tr\u00e9sors bien rang\u00e9s, tout pr\u00e8s du lit. Parfaite pour les veilleuses enchant\u00e9es.<\/p>\n","protected":false},"featured_media":3012,"comment_status":"open","ping_status":"closed","template":"","meta":[],"product_cat":[33,156],"product_tag":[267,192,304,300],"class_list":{"0":"post-3027","1":"product","2":"type-product","3":"status-publish","4":"has-post-thumbnail","6":"product_cat-chambre-adulte","7":"product_cat-table-de-nuit-chambre-adulte","8":"product_tag-alliance","9":"product_tag-blanc","10":"product_tag-chambre-adulte","11":"product_tag-table-de-nuit","13":"first","14":"instock","15":"shipping-taxable","16":"purchasable","17":"product-type-simple"},"jetpack_sharing_enabled":true,"_links":{"self":[{"href":"https:\/\/leco-mobilya.com\/index.php\/wp-json\/wp\/v2\/product\/3027","targetHints":{"allow":["GET"]}}],"collection":[{"href":"https:\/\/leco-mobilya.com\/index.php\/wp-json\/wp\/v2\/product"}],"about":[{"href":"https:\/\/leco-mobilya.com\/index.php\/wp-json\/wp\/v2\/types\/product"}],"replies":[{"embeddable":true,"href":"https:\/\/leco-mobilya.com\/index.php\/wp-json\/wp\/v2\/comments?post=3027"}],"wp:featuredmedia":[{"embeddable":true,"href":"https:\/\/leco-mobilya.com\/index.php\/wp-json\/wp\/v2\/media\/3012"}],"wp:attachment":[{"href":"https:\/\/leco-mobilya.com\/index.php\/wp-json\/wp\/v2\/media?parent=3027"}],"wp:term":[{"taxonomy":"product_cat","embeddable":true,"href":"https:\/\/leco-mobilya.com\/index.php\/wp-json\/wp\/v2\/product_cat?post=3027"},{"taxonomy":"product_tag","embeddable":true,"href":"https:\/\/leco-mobilya.com\/index.php\/wp-json\/wp\/v2\/product_tag?post=3027"}],"curies":[{"name":"wp","href":"https:\/\/api.w.org\/{rel}","templated":true}]}}