{"id":3026,"date":"2025-07-07T13:24:03","date_gmt":"2025-07-07T11:24:03","guid":{"rendered":"https:\/\/leco-mobilya.com\/?post_type=product&#038;p=3026"},"modified":"2026-04-14T08:00:27","modified_gmt":"2026-04-14T06:00:27","slug":"penderie-alliance","status":"publish","type":"product","link":"https:\/\/leco-mobilya.com\/index.php\/product\/penderie-alliance\/","title":{"rendered":"PENDERIE ALLIANCE"},"content":{"rendered":"<p>L2.20xP0.53xH2.047M.<\/p>\n<p>Chaque porte fixe avec 4 charni\u00e8re invisible mod\u00e8le Danco.<\/p>\n","protected":false},"excerpt":{"rendered":"<p><strong>La penderie ALLIANCE<\/strong> apporte une touche de fra\u00eecheur et d\u2019organisation aux chambres, elle s\u2019adapte \u00e0 tous les univers avec son design moderne et ses couleurs apaisantes. Offre un espace g\u00e9n\u00e9reux pour ranger v\u00eatements.<\/p>\n<p>Parfaite pour accompagner au quotidien, la penderie <strong>ALLIANCE<\/strong> transforme chaque chambre en un espace ordonn\u00e9 et plein de douceur.<\/p>\n","protected":false},"featured_media":3014,"comment_status":"open","ping_status":"closed","template":"","meta":[],"product_cat":[33,154],"product_tag":[192,304,173,206],"class_list":{"0":"post-3026","1":"product","2":"type-product","3":"status-publish","4":"has-post-thumbnail","6":"product_cat-chambre-adulte","7":"product_cat-penderie-adulte","8":"product_tag-blanc","9":"product_tag-chambre-adulte","10":"product_tag-noir","11":"product_tag-penderie","13":"first","14":"instock","15":"shipping-taxable","16":"purchasable","17":"product-type-simple"},"jetpack_sharing_enabled":true,"_links":{"self":[{"href":"https:\/\/leco-mobilya.com\/index.php\/wp-json\/wp\/v2\/product\/3026","targetHints":{"allow":["GET"]}}],"collection":[{"href":"https:\/\/leco-mobilya.com\/index.php\/wp-json\/wp\/v2\/product"}],"about":[{"href":"https:\/\/leco-mobilya.com\/index.php\/wp-json\/wp\/v2\/types\/product"}],"replies":[{"embeddable":true,"href":"https:\/\/leco-mobilya.com\/index.php\/wp-json\/wp\/v2\/comments?post=3026"}],"wp:featuredmedia":[{"embeddable":true,"href":"https:\/\/leco-mobilya.com\/index.php\/wp-json\/wp\/v2\/media\/3014"}],"wp:attachment":[{"href":"https:\/\/leco-mobilya.com\/index.php\/wp-json\/wp\/v2\/media?parent=3026"}],"wp:term":[{"taxonomy":"product_cat","embeddable":true,"href":"https:\/\/leco-mobilya.com\/index.php\/wp-json\/wp\/v2\/product_cat?post=3026"},{"taxonomy":"product_tag","embeddable":true,"href":"https:\/\/leco-mobilya.com\/index.php\/wp-json\/wp\/v2\/product_tag?post=3026"}],"curies":[{"name":"wp","href":"https:\/\/api.w.org\/{rel}","templated":true}]}}