{"id":2926,"date":"2025-05-12T13:02:18","date_gmt":"2025-05-12T11:02:18","guid":{"rendered":"https:\/\/leco-mobilya.com\/?post_type=product&#038;p=2926"},"modified":"2026-04-14T12:43:28","modified_gmt":"2026-04-14T10:43:28","slug":"chambre-lorine","status":"publish","type":"product","link":"https:\/\/leco-mobilya.com\/index.php\/product\/chambre-lorine\/","title":{"rendered":"Chambre LORINE"},"content":{"rendered":"<p>Nous fabriquons nos chambres avec des panneaux de 18mm d\u2019\u00e9paisseur, contrairement au standard courant de 16mm. Cette diff\u00e9rence garantit une meilleure robustesse, une durabilit\u00e9 accrue et une finition plus soign\u00e9e.<\/p>\n<p>Livraison gratuite sur tout le territoire tunisien.<\/p>\n","protected":false},"excerpt":{"rendered":"<p>Apportez modernit\u00e9 et raffinement \u00e0 votre int\u00e9rieur avec la <strong>chambre LORINE<\/strong>.<\/p>\n<p>Pens\u00e9e pour allier confort et esth\u00e9tisme, elle s\u00e9duit par son design \u00e9pur\u00e9 et contemporain.<\/p>\n<p><strong>LORINE<\/strong> transforme votre chambre en un espace \u00e9l\u00e9gant, pratique et apaisant.<\/p>\n","protected":false},"featured_media":2960,"comment_status":"open","ping_status":"closed","template":"","meta":[],"product_cat":[33,136],"product_tag":[190,304,306,197,198,206,300],"class_list":{"0":"post-2926","1":"product","2":"type-product","3":"status-publish","4":"has-post-thumbnail","6":"product_cat-chambre-adulte","7":"product_cat-chambres-a-coucher","8":"product_tag-bois","9":"product_tag-chambre-adulte","10":"product_tag-coiffeuse","11":"product_tag-lit","12":"product_tag-lorine","13":"product_tag-penderie","14":"product_tag-table-de-nuit","16":"first","17":"instock","18":"shipping-taxable","19":"purchasable","20":"product-type-simple"},"jetpack_sharing_enabled":true,"_links":{"self":[{"href":"https:\/\/leco-mobilya.com\/index.php\/wp-json\/wp\/v2\/product\/2926","targetHints":{"allow":["GET"]}}],"collection":[{"href":"https:\/\/leco-mobilya.com\/index.php\/wp-json\/wp\/v2\/product"}],"about":[{"href":"https:\/\/leco-mobilya.com\/index.php\/wp-json\/wp\/v2\/types\/product"}],"replies":[{"embeddable":true,"href":"https:\/\/leco-mobilya.com\/index.php\/wp-json\/wp\/v2\/comments?post=2926"}],"wp:featuredmedia":[{"embeddable":true,"href":"https:\/\/leco-mobilya.com\/index.php\/wp-json\/wp\/v2\/media\/2960"}],"wp:attachment":[{"href":"https:\/\/leco-mobilya.com\/index.php\/wp-json\/wp\/v2\/media?parent=2926"}],"wp:term":[{"taxonomy":"product_cat","embeddable":true,"href":"https:\/\/leco-mobilya.com\/index.php\/wp-json\/wp\/v2\/product_cat?post=2926"},{"taxonomy":"product_tag","embeddable":true,"href":"https:\/\/leco-mobilya.com\/index.php\/wp-json\/wp\/v2\/product_tag?post=2926"}],"curies":[{"name":"wp","href":"https:\/\/api.w.org\/{rel}","templated":true}]}}