{"id":2881,"date":"2025-04-23T12:37:42","date_gmt":"2025-04-23T10:37:42","guid":{"rendered":"https:\/\/leco-mobilya.com\/?post_type=product&#038;p=2881"},"modified":"2025-04-23T12:37:42","modified_gmt":"2025-04-23T10:37:42","slug":"penderie-perla-junior","status":"publish","type":"product","link":"https:\/\/leco-mobilya.com\/index.php\/product\/penderie-perla-junior\/","title":{"rendered":"Penderie Perla Junior"},"content":{"rendered":"","protected":false},"excerpt":{"rendered":"<p>Offrez \u00e0 votre chambre une solution de rangement pratique et \u00e9l\u00e9gante avec <strong>la Penderie Perla Junior<\/strong>.<\/p>\n<p>Dot\u00e9e de trois portes et de deux tiroirs spacieux, <strong>la Perla Junior<\/strong> offre un espace g\u00e9n\u00e9reux pour organiser v\u00eatements, jouets, linge de lit et bien plus encore.<\/p>\n<p>Son design parfaitement \u00e0 tout style de d\u00e9coration enfantine\u00a0ou\u00a0junior.<\/p>\n","protected":false},"featured_media":2870,"comment_status":"open","ping_status":"closed","template":"","meta":[],"product_cat":[30,155],"product_tag":[190,211,206,301],"class_list":{"0":"post-2881","1":"product","2":"type-product","3":"status-publish","4":"has-post-thumbnail","6":"product_cat-chambre-enfant","7":"product_cat-penderie-enfant","8":"product_tag-bois","9":"product_tag-enfant","10":"product_tag-penderie","11":"product_tag-perla-junior","13":"first","14":"instock","15":"shipping-taxable","16":"purchasable","17":"product-type-simple"},"jetpack_sharing_enabled":true,"_links":{"self":[{"href":"https:\/\/leco-mobilya.com\/index.php\/wp-json\/wp\/v2\/product\/2881","targetHints":{"allow":["GET"]}}],"collection":[{"href":"https:\/\/leco-mobilya.com\/index.php\/wp-json\/wp\/v2\/product"}],"about":[{"href":"https:\/\/leco-mobilya.com\/index.php\/wp-json\/wp\/v2\/types\/product"}],"replies":[{"embeddable":true,"href":"https:\/\/leco-mobilya.com\/index.php\/wp-json\/wp\/v2\/comments?post=2881"}],"wp:featuredmedia":[{"embeddable":true,"href":"https:\/\/leco-mobilya.com\/index.php\/wp-json\/wp\/v2\/media\/2870"}],"wp:attachment":[{"href":"https:\/\/leco-mobilya.com\/index.php\/wp-json\/wp\/v2\/media?parent=2881"}],"wp:term":[{"taxonomy":"product_cat","embeddable":true,"href":"https:\/\/leco-mobilya.com\/index.php\/wp-json\/wp\/v2\/product_cat?post=2881"},{"taxonomy":"product_tag","embeddable":true,"href":"https:\/\/leco-mobilya.com\/index.php\/wp-json\/wp\/v2\/product_tag?post=2881"}],"curies":[{"name":"wp","href":"https:\/\/api.w.org\/{rel}","templated":true}]}}