{"id":2801,"date":"2025-03-10T09:20:19","date_gmt":"2025-03-10T08:20:19","guid":{"rendered":"https:\/\/leco-mobilya.com\/?post_type=product&#038;p=2801"},"modified":"2025-03-10T09:20:22","modified_gmt":"2025-03-10T08:20:22","slug":"pack-prestige","status":"publish","type":"product","link":"https:\/\/leco-mobilya.com\/index.php\/product\/pack-prestige\/","title":{"rendered":"Pack Prestige"},"content":{"rendered":"","protected":false},"excerpt":{"rendered":"<div dir=\"auto\">Offrez-vous un int\u00e9rieur harmonieux avec notre<strong> pack Prestige<\/strong>\u00a0:<\/div>\n<div dir=\"auto\"><\/div>\n<div dir=\"auto\"><span class=\"html-span xexx8yu x4uap5 x18d9i69 xkhd6sd x1hl2dhg x16tdsg8 x1vvkbs x3nfvp2 x1j61x8r x1fcty0u xdj266r xat24cr xgzva0m xhhsvwb xxymvpz xlup9mm x1kky2od\"><img loading=\"lazy\" decoding=\"async\" class=\"xz74otr\" src=\"https:\/\/static.xx.fbcdn.net\/images\/emoji.php\/v9\/tb1\/1\/16\/1f6cf.png\" alt=\"\ud83d\udecf\ufe0f\" width=\"16\" height=\"16\" \/><\/span><strong>Chambre Maria<\/strong>\u00a0\u2013 \u00c9l\u00e9gance et s\u00e9r\u00e9nit\u00e9<\/div>\n<div dir=\"auto\"><span class=\"html-span xexx8yu x4uap5 x18d9i69 xkhd6sd x1hl2dhg x16tdsg8 x1vvkbs x3nfvp2 x1j61x8r x1fcty0u xdj266r xat24cr xgzva0m xhhsvwb xxymvpz xlup9mm x1kky2od\"><img loading=\"lazy\" decoding=\"async\" class=\"xz74otr\" src=\"https:\/\/static.xx.fbcdn.net\/images\/emoji.php\/v9\/tad\/1\/16\/1f6cb.png\" alt=\"\ud83d\udecb\ufe0f\" width=\"16\" height=\"16\" \/><\/span><strong>S\u00e9jour Avalon<\/strong>\u00a0\u2013 Confort et modernit\u00e9<\/div>\n<div dir=\"auto\"><span class=\"html-span xexx8yu x4uap5 x18d9i69 xkhd6sd x1hl2dhg x16tdsg8 x1vvkbs x3nfvp2 x1j61x8r x1fcty0u xdj266r xat24cr xgzva0m xhhsvwb xxymvpz xlup9mm x1kky2od\"><img loading=\"lazy\" decoding=\"async\" class=\"xz74otr\" src=\"https:\/\/static.xx.fbcdn.net\/images\/emoji.php\/v9\/t98\/1\/16\/1f37d.png\" alt=\"\ud83c\udf7d\ufe0f\" width=\"16\" height=\"16\" \/><\/span><strong>Salle \u00e0 manger Opus<\/strong>\u00a0\u2013 Style et convivialit\u00e9<\/div>\n<div dir=\"auto\"><\/div>\n<div dir=\"auto\"><strong>Livraison Gratuite<\/strong>\u00a0Sur toute la Tunisie, avec la possibilit\u00e9 de\u00a0<strong>facilit\u00e9 de paiement<\/strong>\u00a0allant jusqu\u2019\u00e0\u00a0<strong>36 mois<\/strong>\u00a0pour nos clients \u00e0 Sfax uniquement, pour le moment ! Mais nous travaillons \u00e0 la rendre disponible dans toute la Tunisie.<\/div>\n","protected":false},"featured_media":2820,"comment_status":"open","ping_status":"closed","template":"","meta":[],"product_cat":[250],"product_tag":[288,280,262,287,289,285,261,260,251,286,240,167],"class_list":{"0":"post-2801","1":"product","2":"type-product","3":"status-publish","4":"has-post-thumbnail","6":"product_cat-nos-packs","7":"product_tag-36-mois","8":"product_tag-avalon","9":"product_tag-chambre","10":"product_tag-facilite","11":"product_tag-livraison-gratuite","12":"product_tag-maria","13":"product_tag-mariage","14":"product_tag-opus","15":"product_tag-pack","16":"product_tag-prestige","17":"product_tag-salle-a-manger","18":"product_tag-sejour","20":"first","21":"instock","22":"shipping-taxable","23":"purchasable","24":"product-type-simple"},"jetpack_sharing_enabled":true,"_links":{"self":[{"href":"https:\/\/leco-mobilya.com\/index.php\/wp-json\/wp\/v2\/product\/2801","targetHints":{"allow":["GET"]}}],"collection":[{"href":"https:\/\/leco-mobilya.com\/index.php\/wp-json\/wp\/v2\/product"}],"about":[{"href":"https:\/\/leco-mobilya.com\/index.php\/wp-json\/wp\/v2\/types\/product"}],"replies":[{"embeddable":true,"href":"https:\/\/leco-mobilya.com\/index.php\/wp-json\/wp\/v2\/comments?post=2801"}],"wp:featuredmedia":[{"embeddable":true,"href":"https:\/\/leco-mobilya.com\/index.php\/wp-json\/wp\/v2\/media\/2820"}],"wp:attachment":[{"href":"https:\/\/leco-mobilya.com\/index.php\/wp-json\/wp\/v2\/media?parent=2801"}],"wp:term":[{"taxonomy":"product_cat","embeddable":true,"href":"https:\/\/leco-mobilya.com\/index.php\/wp-json\/wp\/v2\/product_cat?post=2801"},{"taxonomy":"product_tag","embeddable":true,"href":"https:\/\/leco-mobilya.com\/index.php\/wp-json\/wp\/v2\/product_tag?post=2801"}],"curies":[{"name":"wp","href":"https:\/\/api.w.org\/{rel}","templated":true}]}}