{"id":2701,"date":"2025-02-19T11:24:58","date_gmt":"2025-02-19T10:24:58","guid":{"rendered":"https:\/\/leco-mobilya.com\/?post_type=product&#038;p=2701"},"modified":"2025-02-25T13:53:38","modified_gmt":"2025-02-25T12:53:38","slug":"pack-astra","status":"publish","type":"product","link":"https:\/\/leco-mobilya.com\/index.php\/product\/pack-astra\/","title":{"rendered":"Pack Astra"},"content":{"rendered":"","protected":false},"excerpt":{"rendered":"<p>Offrez-vous un int\u00e9rieur harmonieux avec notre<strong> pack Astra<\/strong> :<\/p>\n<div dir=\"auto\"><span class=\"html-span xexx8yu x4uap5 x18d9i69 xkhd6sd x1hl2dhg x16tdsg8 x1vvkbs x3nfvp2 x1j61x8r x1fcty0u xdj266r xat24cr xgzva0m xhhsvwb xxymvpz xlup9mm x1kky2od\"><img loading=\"lazy\" decoding=\"async\" class=\"xz74otr\" src=\"https:\/\/static.xx.fbcdn.net\/images\/emoji.php\/v9\/tb1\/1\/16\/1f6cf.png\" alt=\"\ud83d\udecf\ufe0f\" width=\"16\" height=\"16\" \/><\/span> <strong>Chambre Alliance<\/strong> \u2013 \u00c9l\u00e9gance et s\u00e9r\u00e9nit\u00e9<\/div>\n<div dir=\"auto\"><span class=\"html-span xexx8yu x4uap5 x18d9i69 xkhd6sd x1hl2dhg x16tdsg8 x1vvkbs x3nfvp2 x1j61x8r x1fcty0u xdj266r xat24cr xgzva0m xhhsvwb xxymvpz xlup9mm x1kky2od\"><img loading=\"lazy\" decoding=\"async\" class=\"xz74otr\" src=\"https:\/\/static.xx.fbcdn.net\/images\/emoji.php\/v9\/tad\/1\/16\/1f6cb.png\" alt=\"\ud83d\udecb\ufe0f\" width=\"16\" height=\"16\" \/><\/span> <strong>Salon la Rose Blanche<\/strong> \u2013 Confort et modernit\u00e9<\/div>\n<div dir=\"auto\"><span class=\"html-span xexx8yu x4uap5 x18d9i69 xkhd6sd x1hl2dhg x16tdsg8 x1vvkbs x3nfvp2 x1j61x8r x1fcty0u xdj266r xat24cr xgzva0m xhhsvwb xxymvpz xlup9mm x1kky2od\"><img loading=\"lazy\" decoding=\"async\" class=\"xz74otr\" src=\"https:\/\/static.xx.fbcdn.net\/images\/emoji.php\/v9\/t98\/1\/16\/1f37d.png\" alt=\"\ud83c\udf7d\ufe0f\" width=\"16\" height=\"16\" \/><\/span> <strong>Salle \u00e0 manger Orion<\/strong> \u2013 Style et convivialit\u00e9<\/div>\n<p><strong>Livraison Gratuite<\/strong>\u00a0Sur toute la Tunisie, avec la possibilit\u00e9 de <strong>facilit\u00e9 de paiement<\/strong> allant jusqu&rsquo;\u00e0 <strong>36 mois<\/strong> pour nos clients \u00e0 Sfax uniquement, pour le moment ! Mais nous travaillons \u00e0 la rendre disponible dans toute la Tunisie.<\/p>\n","protected":false},"featured_media":2699,"comment_status":"open","ping_status":"closed","template":"","meta":[],"product_cat":[250],"product_tag":[268,267,276,262,259,261,255,251,240,160],"class_list":{"0":"post-2701","1":"product","2":"type-product","3":"status-publish","4":"has-post-thumbnail","6":"product_cat-nos-packs","7":"product_tag-3-2-2","8":"product_tag-alliance","9":"product_tag-astra","10":"product_tag-chambre","11":"product_tag-la-rose-blanche","12":"product_tag-mariage","13":"product_tag-orion","14":"product_tag-pack","15":"product_tag-salle-a-manger","16":"product_tag-salon","18":"first","19":"instock","20":"shipping-taxable","21":"purchasable","22":"product-type-simple"},"jetpack_sharing_enabled":true,"_links":{"self":[{"href":"https:\/\/leco-mobilya.com\/index.php\/wp-json\/wp\/v2\/product\/2701","targetHints":{"allow":["GET"]}}],"collection":[{"href":"https:\/\/leco-mobilya.com\/index.php\/wp-json\/wp\/v2\/product"}],"about":[{"href":"https:\/\/leco-mobilya.com\/index.php\/wp-json\/wp\/v2\/types\/product"}],"replies":[{"embeddable":true,"href":"https:\/\/leco-mobilya.com\/index.php\/wp-json\/wp\/v2\/comments?post=2701"}],"wp:featuredmedia":[{"embeddable":true,"href":"https:\/\/leco-mobilya.com\/index.php\/wp-json\/wp\/v2\/media\/2699"}],"wp:attachment":[{"href":"https:\/\/leco-mobilya.com\/index.php\/wp-json\/wp\/v2\/media?parent=2701"}],"wp:term":[{"taxonomy":"product_cat","embeddable":true,"href":"https:\/\/leco-mobilya.com\/index.php\/wp-json\/wp\/v2\/product_cat?post=2701"},{"taxonomy":"product_tag","embeddable":true,"href":"https:\/\/leco-mobilya.com\/index.php\/wp-json\/wp\/v2\/product_tag?post=2701"}],"curies":[{"name":"wp","href":"https:\/\/api.w.org\/{rel}","templated":true}]}}