{"id":2637,"date":"2025-02-07T08:49:27","date_gmt":"2025-02-07T07:49:27","guid":{"rendered":"https:\/\/leco-mobilya.com\/?post_type=product&#038;p=2637"},"modified":"2025-02-07T16:23:09","modified_gmt":"2025-02-07T15:23:09","slug":"table-a-manger-orion-6-places","status":"publish","type":"product","link":"https:\/\/leco-mobilya.com\/index.php\/product\/table-a-manger-orion-6-places\/","title":{"rendered":"Table \u00e0 manger ORION 6 places"},"content":{"rendered":"<p>Table \u00e0 manger en Blenz : 6 places<\/p>\n","protected":false},"excerpt":{"rendered":"<p>Transformez vos repas quotidiens en moments sp\u00e9ciaux avec notre\u00a0<strong>table \u00e0 manger ORION 6 places.<\/strong>\u00a0Con\u00e7ue pour allier\u00a0<strong>style et praticit\u00e9<\/strong>, elle offre un\u00a0<strong>espace g\u00e9n\u00e9reux<\/strong>\u00a0pour accueillir famille et amis. Ajoutez une\u00a0<strong>touche d\u2019\u00e9l\u00e9gance \u00e0 votre salle \u00e0 manger<\/strong> avec cette pi\u00e8ce centrale sophistiqu\u00e9e et fonctionnelle.<\/p>\n","protected":false},"featured_media":2647,"comment_status":"open","ping_status":"closed","template":"","meta":[],"product_cat":[54,143],"product_tag":[243,226,190,200,240,186],"class_list":{"0":"post-2637","1":"product","2":"type-product","3":"status-publish","4":"has-post-thumbnail","6":"product_cat-salle-a-manger","7":"product_cat-table-a-manger","8":"product_tag-6-places","9":"product_tag-blenz","10":"product_tag-bois","11":"product_tag-capitonne","12":"product_tag-salle-a-manger","13":"product_tag-table","15":"first","16":"instock","17":"shipping-taxable","18":"purchasable","19":"product-type-simple"},"jetpack_sharing_enabled":true,"_links":{"self":[{"href":"https:\/\/leco-mobilya.com\/index.php\/wp-json\/wp\/v2\/product\/2637","targetHints":{"allow":["GET"]}}],"collection":[{"href":"https:\/\/leco-mobilya.com\/index.php\/wp-json\/wp\/v2\/product"}],"about":[{"href":"https:\/\/leco-mobilya.com\/index.php\/wp-json\/wp\/v2\/types\/product"}],"replies":[{"embeddable":true,"href":"https:\/\/leco-mobilya.com\/index.php\/wp-json\/wp\/v2\/comments?post=2637"}],"wp:featuredmedia":[{"embeddable":true,"href":"https:\/\/leco-mobilya.com\/index.php\/wp-json\/wp\/v2\/media\/2647"}],"wp:attachment":[{"href":"https:\/\/leco-mobilya.com\/index.php\/wp-json\/wp\/v2\/media?parent=2637"}],"wp:term":[{"taxonomy":"product_cat","embeddable":true,"href":"https:\/\/leco-mobilya.com\/index.php\/wp-json\/wp\/v2\/product_cat?post=2637"},{"taxonomy":"product_tag","embeddable":true,"href":"https:\/\/leco-mobilya.com\/index.php\/wp-json\/wp\/v2\/product_tag?post=2637"}],"curies":[{"name":"wp","href":"https:\/\/api.w.org\/{rel}","templated":true}]}}