{"id":2616,"date":"2025-02-05T15:18:39","date_gmt":"2025-02-05T14:18:39","guid":{"rendered":"https:\/\/leco-mobilya.com\/?post_type=product&#038;p=2616"},"modified":"2026-03-30T10:41:23","modified_gmt":"2026-03-30T08:41:23","slug":"salle-a-manger-venus-6-places-complete","status":"publish","type":"product","link":"https:\/\/leco-mobilya.com\/index.php\/product\/salle-a-manger-venus-6-places-complete\/","title":{"rendered":"Salle \u00e0 manger VENUS 6 places compl\u00e8te"},"content":{"rendered":"<p>Table \u00e0 manger en Blenz : 6 places<\/p>\n<p>Buffet en Blenz : 4 portes + 1 tiroir + 3 miroirs<\/p>\n","protected":false},"excerpt":{"rendered":"<p>Transformez vos repas quotidiens en moments sp\u00e9ciaux avec notre\u00a0<strong>table \u00e0 manger VENUS 6 places , <\/strong>accompagn\u00e9e d\u2019un <strong>buffet \u00e0 4 portes et 1 tiroir..<\/strong>\u00a0Con\u00e7ue pour allier\u00a0<strong>style et praticit\u00e9<\/strong>, elle offre un\u00a0<strong>espace g\u00e9n\u00e9reux<\/strong>\u00a0pour accueillir famille et amis. Ajoutez une\u00a0<strong>touche d\u2019\u00e9l\u00e9gance \u00e0 votre salle \u00e0 manger<\/strong> avec cette pi\u00e8ce centrale sophistiqu\u00e9e et fonctionnelle.<\/p>\n","protected":false},"featured_media":2630,"comment_status":"open","ping_status":"closed","template":"","meta":[],"product_cat":[54,144,143],"product_tag":[246,226,190,248,240,249],"class_list":{"0":"post-2616","1":"product","2":"type-product","3":"status-publish","4":"has-post-thumbnail","6":"product_cat-salle-a-manger","7":"product_cat-salle-a-manger-complete","8":"product_cat-table-a-manger","9":"product_tag-6-chaises","10":"product_tag-blenz","11":"product_tag-bois","12":"product_tag-rouge","13":"product_tag-salle-a-manger","14":"product_tag-venus","16":"first","17":"instock","18":"shipping-taxable","19":"purchasable","20":"product-type-simple"},"jetpack_sharing_enabled":true,"_links":{"self":[{"href":"https:\/\/leco-mobilya.com\/index.php\/wp-json\/wp\/v2\/product\/2616","targetHints":{"allow":["GET"]}}],"collection":[{"href":"https:\/\/leco-mobilya.com\/index.php\/wp-json\/wp\/v2\/product"}],"about":[{"href":"https:\/\/leco-mobilya.com\/index.php\/wp-json\/wp\/v2\/types\/product"}],"replies":[{"embeddable":true,"href":"https:\/\/leco-mobilya.com\/index.php\/wp-json\/wp\/v2\/comments?post=2616"}],"wp:featuredmedia":[{"embeddable":true,"href":"https:\/\/leco-mobilya.com\/index.php\/wp-json\/wp\/v2\/media\/2630"}],"wp:attachment":[{"href":"https:\/\/leco-mobilya.com\/index.php\/wp-json\/wp\/v2\/media?parent=2616"}],"wp:term":[{"taxonomy":"product_cat","embeddable":true,"href":"https:\/\/leco-mobilya.com\/index.php\/wp-json\/wp\/v2\/product_cat?post=2616"},{"taxonomy":"product_tag","embeddable":true,"href":"https:\/\/leco-mobilya.com\/index.php\/wp-json\/wp\/v2\/product_tag?post=2616"}],"curies":[{"name":"wp","href":"https:\/\/api.w.org\/{rel}","templated":true}]}}