{"id":2497,"date":"2024-12-17T16:28:26","date_gmt":"2024-12-17T15:28:26","guid":{"rendered":"https:\/\/leco-mobilya.com\/?post_type=product&#038;p=2497"},"modified":"2025-01-15T08:24:04","modified_gmt":"2025-01-15T07:24:04","slug":"table-basse-leila","status":"publish","type":"product","link":"https:\/\/leco-mobilya.com\/index.php\/product\/table-basse-leila\/","title":{"rendered":"Table Basse Leila"},"content":{"rendered":"<p><strong>Mati\u00e8re :<\/strong> Bois Blenz<\/p>\n","protected":false},"excerpt":{"rendered":"<p>La <strong>table basse Leila<\/strong> charme par son design intemporel et ses lignes \u00e9pur\u00e9es. Con\u00e7ue en bois aux tons chaleureux, elle apporte une atmosph\u00e8re conviviale et raffin\u00e9e \u00e0 votre salon. Ses pieds inclin\u00e9s et ses finitions soign\u00e9es lui conf\u00e8rent un style moderne aux accents r\u00e9tro.<\/p>\n<p>Pratique et esth\u00e9tique, <strong>Leila<\/strong> offre un espace g\u00e9n\u00e9reux pour vos livres, d\u00e9corations ou pauses caf\u00e9 entre amis. Un v\u00e9ritable atout pour sublimer votre int\u00e9rieur avec simplicit\u00e9 et caract\u00e8re.<\/p>\n","protected":false},"featured_media":2482,"comment_status":"open","ping_status":"closed","template":"","meta":[],"product_cat":[140,157],"product_tag":[226,190,227,228,187],"class_list":{"0":"post-2497","1":"product","2":"type-product","3":"status-publish","4":"has-post-thumbnail","6":"product_cat-meuble-salon","7":"product_cat-table-basse","8":"product_tag-blenz","9":"product_tag-bois","10":"product_tag-coffee-table","11":"product_tag-marron","12":"product_tag-table-basse","14":"first","15":"instock","16":"shipping-taxable","17":"purchasable","18":"product-type-simple"},"jetpack_sharing_enabled":true,"_links":{"self":[{"href":"https:\/\/leco-mobilya.com\/index.php\/wp-json\/wp\/v2\/product\/2497","targetHints":{"allow":["GET"]}}],"collection":[{"href":"https:\/\/leco-mobilya.com\/index.php\/wp-json\/wp\/v2\/product"}],"about":[{"href":"https:\/\/leco-mobilya.com\/index.php\/wp-json\/wp\/v2\/types\/product"}],"replies":[{"embeddable":true,"href":"https:\/\/leco-mobilya.com\/index.php\/wp-json\/wp\/v2\/comments?post=2497"}],"wp:featuredmedia":[{"embeddable":true,"href":"https:\/\/leco-mobilya.com\/index.php\/wp-json\/wp\/v2\/media\/2482"}],"wp:attachment":[{"href":"https:\/\/leco-mobilya.com\/index.php\/wp-json\/wp\/v2\/media?parent=2497"}],"wp:term":[{"taxonomy":"product_cat","embeddable":true,"href":"https:\/\/leco-mobilya.com\/index.php\/wp-json\/wp\/v2\/product_cat?post=2497"},{"taxonomy":"product_tag","embeddable":true,"href":"https:\/\/leco-mobilya.com\/index.php\/wp-json\/wp\/v2\/product_tag?post=2497"}],"curies":[{"name":"wp","href":"https:\/\/api.w.org\/{rel}","templated":true}]}}