{"id":2448,"date":"2024-12-17T09:27:45","date_gmt":"2024-12-17T08:27:45","guid":{"rendered":"https:\/\/leco-mobilya.com\/?post_type=product&#038;p=2448"},"modified":"2025-02-03T09:59:04","modified_gmt":"2025-02-03T08:59:04","slug":"lit-lorine","status":"publish","type":"product","link":"https:\/\/leco-mobilya.com\/index.php\/product\/lit-lorine\/","title":{"rendered":"Lit LORINE"},"content":{"rendered":"<p><strong>Dimensions :<\/strong> 1.20 \/ 1.90 m <strong>o\u00f9<\/strong> 0.90 \/ 1.90<\/p>\n<p><strong>Dimensions T\u00eate de lit (L \/ H) :<\/strong> 0.95 x 1.20 <strong>o\u00f9<\/strong> 1.25 x 1.20 m<\/p>\n<p><em><strong>Table de Nuit vendu s\u00e9par\u00e9ment.<\/strong><\/em><\/p>\n<p><em><strong>Matelas non inclus.<\/strong><\/em><\/p>\n<p>&nbsp;<\/p>\n","protected":false},"excerpt":{"rendered":"<p>Le lit <strong>Lorine<\/strong> incarne l&rsquo;\u00e9l\u00e9gance et la douceur. Avec sa t\u00eate de lit d\u00e9licatement capitonn\u00e9e et son design \u00e9pur\u00e9, il apporte une touche de s\u00e9r\u00e9nit\u00e9 \u00e0 votre chambre. Ses lignes modernes et sa palette neutre s\u2019harmonisent parfaitement avec tout int\u00e9rieur.<\/p>\n<p>Plus qu\u2019un lit, <strong>Lorine<\/strong> est une invitation \u00e0 la r\u00eaverie et au repos, un v\u00e9ritable havre de paix o\u00f9 le confort rencontre la beaut\u00e9 intemporelle.<\/p>\n","protected":false},"featured_media":2449,"comment_status":"open","ping_status":"closed","template":"","meta":[],"product_cat":[30,158],"product_tag":[200,201,199,197,198],"class_list":{"0":"post-2448","1":"product","2":"type-product","3":"status-publish","4":"has-post-thumbnail","6":"product_cat-chambre-enfant","7":"product_cat-lit-enfant","8":"product_tag-capitonne","9":"product_tag-greige","10":"product_tag-gris","11":"product_tag-lit","12":"product_tag-lorine","14":"first","15":"instock","16":"shipping-taxable","17":"purchasable","18":"product-type-simple"},"jetpack_sharing_enabled":true,"_links":{"self":[{"href":"https:\/\/leco-mobilya.com\/index.php\/wp-json\/wp\/v2\/product\/2448","targetHints":{"allow":["GET"]}}],"collection":[{"href":"https:\/\/leco-mobilya.com\/index.php\/wp-json\/wp\/v2\/product"}],"about":[{"href":"https:\/\/leco-mobilya.com\/index.php\/wp-json\/wp\/v2\/types\/product"}],"replies":[{"embeddable":true,"href":"https:\/\/leco-mobilya.com\/index.php\/wp-json\/wp\/v2\/comments?post=2448"}],"wp:featuredmedia":[{"embeddable":true,"href":"https:\/\/leco-mobilya.com\/index.php\/wp-json\/wp\/v2\/media\/2449"}],"wp:attachment":[{"href":"https:\/\/leco-mobilya.com\/index.php\/wp-json\/wp\/v2\/media?parent=2448"}],"wp:term":[{"taxonomy":"product_cat","embeddable":true,"href":"https:\/\/leco-mobilya.com\/index.php\/wp-json\/wp\/v2\/product_cat?post=2448"},{"taxonomy":"product_tag","embeddable":true,"href":"https:\/\/leco-mobilya.com\/index.php\/wp-json\/wp\/v2\/product_tag?post=2448"}],"curies":[{"name":"wp","href":"https:\/\/api.w.org\/{rel}","templated":true}]}}