{"id":2384,"date":"2024-12-16T12:02:09","date_gmt":"2024-12-16T11:02:09","guid":{"rendered":"https:\/\/leco-mobilya.com\/?post_type=product&#038;p=2384"},"modified":"2025-03-08T09:32:14","modified_gmt":"2025-03-08T08:32:14","slug":"sejour-miami","status":"publish","type":"product","link":"https:\/\/leco-mobilya.com\/index.php\/product\/sejour-miami\/","title":{"rendered":"S\u00e9jour Miami"},"content":{"rendered":"<div class=\"wptb-table-container wptb-table-2769\"><div class=\"wptb-table-container-matrix\" id=\"wptb-table-id-2769\" data-wptb-version=\"2.0.6\" data-wptb-pro-status=\"false\"><table class=\"wptb-preview-table wptb-element-main-table_setting-2769\" style=\"border-spacing: 3px 3px; border-collapse:  !important; min-width: 100%; border-width: 1px; border-style: solid; \" data-border-spacing-columns=\"3\" data-border-spacing-rows=\"3\" data-reconstraction=\"1\" data-wptb-cells-width-auto-count=\"2\" data-wptb-horizontal-scroll-status=\"false\" data-wptb-extra-styles=\"LyogRW50ZXIgeW91ciBjdXN0b20gQ1NTIHJ1bGVzIGhlcmUgKi8=\" data-wptb-pro-pagination-top-row-header=\"false\" data-wptb-rows-per-page=\"10\" data-wptb-pro-search-top-row-header=\"false\" data-wptb-searchbar-position=\"left\" role=\"table\" data-wptb-table-alignment=\"center\" data-wptb-table-tds-sum-max-width=\"263\"><tbody data-global-font-color=\"#000000\" data-global-link-color=\"#000000\" data-global-font-size=\"15\"><tr class=\"wptb-row \" style=\"\"><td class=\"wptb-cell \" style=\"padding: 15px; border-width: 1px; border-style: solid; \" data-y-index=\"0\" data-x-index=\"0\" data-wptb-css-td-auto-width=\"true\" data-wptb-cell-vertical-alignment=\"center\"><div class=\"wptb-text-container wptb-ph-element wptb-element-text-597\" style=\"\"><div style=\"position: relative;\"><p>D&eacute;signation<\/p>\n<\/div><\/div><\/td><td class=\"wptb-cell \" style=\"padding: 15px; border-width: 1px; border-style: solid; \" data-y-index=\"0\" data-x-index=\"1\" data-wptb-css-td-auto-width=\"true\" data-wptb-cell-vertical-alignment=\"center\"><div class=\"wptb-text-container wptb-ph-element wptb-element-text-598\" style=\"\"><div style=\"position: relative;\"><p>Taille ( L \/ P \/ H ) en m&egrave;tre<\/p>\n<\/div><\/div><\/td><\/tr><tr class=\"wptb-row \" style=\"\"><td class=\"wptb-cell \" style=\"padding: 15px; border-width: 1px; border-style: solid; \" data-y-index=\"1\" data-x-index=\"0\" data-wptb-css-td-auto-width=\"true\" data-wptb-cell-vertical-alignment=\"center\"><div class=\"wptb-text-container wptb-ph-element wptb-element-text-599\" style=\"color: rgb(0, 0, 0); font-size: 15px; \"><div style=\"position: relative;\"><p>Nombre de places<\/p>\n<\/div><\/div><\/td><td class=\"wptb-cell \" style=\"padding: 15px; border-width: 1px; border-style: solid; \" data-y-index=\"1\" data-x-index=\"1\" data-wptb-css-td-auto-width=\"true\" data-wptb-cell-vertical-alignment=\"center\"><div class=\"wptb-text-container wptb-ph-element wptb-element-text-600\" style=\"color: rgb(0, 0, 0); font-size: 15px; \"><div style=\"position: relative;\"><p>coin + Pouf<\/p>\n<\/div><\/div><\/td><\/tr><tr class=\"wptb-row \" style=\"\"><td class=\"wptb-cell \" style=\"padding: 15px; border-width: 1px; border-style: solid; \" data-y-index=\"2\" data-x-index=\"0\" data-wptb-css-td-auto-width=\"true\" data-wptb-cell-vertical-alignment=\"center\"><div class=\"wptb-text-container wptb-ph-element wptb-element-text-601\" style=\"color: rgb(0, 0, 0); font-size: 15px; \"><div style=\"position: relative;\"><p>Coin<\/p>\n<\/div><\/div><\/td><td class=\"wptb-cell \" style=\"padding: 15px; border-width: 1px; border-style: solid; \" data-y-index=\"2\" data-x-index=\"1\" data-wptb-css-td-auto-width=\"true\" data-wptb-cell-vertical-alignment=\"center\"><div class=\"wptb-text-container wptb-ph-element wptb-element-text-602\" style=\"color: rgb(0, 0, 0); font-size: 15px; \"><div style=\"position: relative;\"><p>2.95 x 2.10<\/p>\n<\/div><\/div><\/td><\/tr><tr class=\"wptb-row \" style=\"\"><td class=\"wptb-cell \" style=\"padding: 15px; border-width: 1px; border-style: solid; \" data-y-index=\"3\" data-x-index=\"0\" data-wptb-css-td-auto-width=\"true\" data-wptb-cell-vertical-alignment=\"center\"><div class=\"wptb-text-container wptb-ph-element wptb-element-text-603\" style=\"color: rgb(0, 0, 0); font-size: 15px; \"><div style=\"position: relative;\"><p>Pouf<\/p>\n<\/div><\/div><\/td><td class=\"wptb-cell \" style=\"padding: 15px; border-width: 1px; border-style: solid; \" data-y-index=\"3\" data-x-index=\"1\" data-wptb-css-td-auto-width=\"true\" data-wptb-cell-vertical-alignment=\"center\"><div class=\"wptb-text-container wptb-ph-element wptb-element-text-604\" style=\"color: rgb(0, 0, 0); font-size: 15px; \"><div style=\"position: relative;\"><p>1.10 x 0.70<\/p>\n<\/div><\/div><\/td><\/tr><tr class=\"wptb-row \" style=\"\"><td class=\"wptb-cell \" style=\"padding: 15px; border-width: 1px; border-style: solid; \" data-y-index=\"4\" data-x-index=\"0\" data-wptb-css-td-auto-width=\"true\" data-wptb-cell-vertical-alignment=\"center\"><div class=\"wptb-text-container wptb-ph-element wptb-element-text-605\" style=\"\"><div style=\"position: relative;\"><p>P&eacute;riode de garantie<\/p>\n<\/div><\/div><\/td><td class=\"wptb-cell \" style=\"padding: 15px; border-width: 1px; border-style: solid; \" data-y-index=\"4\" data-x-index=\"1\" data-wptb-css-td-auto-width=\"true\" data-wptb-cell-vertical-alignment=\"center\"><div class=\"wptb-text-container wptb-ph-element wptb-element-text-606\" style=\"\"><div style=\"position: relative;\"><p>Garantie contre les d&eacute;fauts de fabrication et de fabrication pendant 5 ans .<\/p>\n<\/div><\/div><\/td><\/tr><tr class=\"wptb-row \" style=\"\"><td class=\"wptb-cell \" style=\"padding: 15px; border-width: 1px; border-style: solid; \" data-y-index=\"5\" data-x-index=\"0\" data-wptb-css-td-auto-width=\"true\" data-wptb-cell-vertical-alignment=\"center\"><div class=\"wptb-text-container wptb-ph-element wptb-element-text-607\" style=\"\"><div style=\"position: relative;\"><p>D&eacute;lai de livraison<\/p>\n<\/div><\/div><\/td><td class=\"wptb-cell \" style=\"padding: 15px; border-width: 1px; border-style: solid; \" data-y-index=\"5\" data-x-index=\"1\" data-wptb-css-td-auto-width=\"true\" data-wptb-cell-vertical-alignment=\"center\"><div class=\"wptb-text-container wptb-ph-element wptb-element-text-608\" style=\"\"><div style=\"position: relative;\"><p>Vos commandes sont livr&eacute;es dans un d&eacute;lai de 1 &agrave; 15 jours ouvr&eacute;s en fonction de l'adresse de livraison.Vous pouvez obtenir des informations d&eacute;taill&eacute;es sur votre produit aupr&egrave;s de notre num&eacute;ro de service client 52 477 477 \/ 58 339 039<\/p>\n<\/div><\/div><\/td><\/tr><\/tbody><\/table><\/div><\/div>\n\n","protected":false},"excerpt":{"rendered":"<div class=\"product-description\">\n<div class=\"flex flex-grow flex-col max-w-full\">\n<div class=\"min-h-[20px] text-message flex flex-col items-start whitespace-pre-wrap break-words [.text-message+&amp;]:mt-5 juice:w-full juice:items-end overflow-x-auto gap-2\" dir=\"auto\" data-message-author-role=\"assistant\" data-message-id=\"86f90707-cee5-4d29-81d2-10bca138392b\">\n<div class=\"flex w-full flex-col gap-1 juice:empty:hidden juice:first:pt-[3px]\">\n<div class=\"markdown prose w-full break-words dark:prose-invert light\">\n<p>Le\u00a0<strong>S\u00e9jour Miami<\/strong>\u00a0allie\u00a0<strong>\u00e9l\u00e9gance<\/strong>\u00a0et\u00a0<strong>confort<\/strong> pour cr\u00e9er un espace de vie chaleureux et accueillant. Avec ses lignes \u00e9pur\u00e9es et ses mat\u00e9riaux de haute qualit\u00e9, ce s\u00e9jour apporte une touche de raffinement \u00e0 votre int\u00e9rieur. Ses assises moelleuses et son design ergonomique offrent un confort optimal pour des moments de d\u00e9tente en famille ou entre amis. Transformez votre s\u00e9jour en un havre de paix et de style avec le S\u00e9jour Miami, le choix parfait pour un int\u00e9rieur chic et convivial.<\/p>\n<\/div>\n<\/div>\n<\/div>\n<\/div>\n<\/div>\n<div class=\"product-summary-bottom clearfix\">\n<div id=\"pofw_product_options\" class=\"pofw-product-options-wrapper\">\n<div class=\"fieldset\"><\/div>\n<\/div>\n<div id=\"yith-wapo-container\" class=\"yith-wapo-container yith-wapo-form-style-theme\" data-product-price=\"1890\" data-default-product-price=\"1890\" data-product-id=\"1810\"><\/div>\n<\/div>\n","protected":false},"featured_media":2393,"comment_status":"open","ping_status":"closed","template":"","meta":[],"product_cat":[140,141],"product_tag":[164,170,168,169,167,165],"class_list":{"0":"post-2384","1":"product","2":"type-product","3":"status-publish","4":"has-post-thumbnail","6":"product_cat-meuble-salon","7":"product_cat-sejour","8":"product_tag-bleu","9":"product_tag-couch","10":"product_tag-mousse","11":"product_tag-pouf","12":"product_tag-sejour","13":"product_tag-sofa","15":"first","16":"instock","17":"shipping-taxable","18":"purchasable","19":"product-type-simple"},"jetpack_sharing_enabled":true,"_links":{"self":[{"href":"https:\/\/leco-mobilya.com\/index.php\/wp-json\/wp\/v2\/product\/2384","targetHints":{"allow":["GET"]}}],"collection":[{"href":"https:\/\/leco-mobilya.com\/index.php\/wp-json\/wp\/v2\/product"}],"about":[{"href":"https:\/\/leco-mobilya.com\/index.php\/wp-json\/wp\/v2\/types\/product"}],"replies":[{"embeddable":true,"href":"https:\/\/leco-mobilya.com\/index.php\/wp-json\/wp\/v2\/comments?post=2384"}],"wp:featuredmedia":[{"embeddable":true,"href":"https:\/\/leco-mobilya.com\/index.php\/wp-json\/wp\/v2\/media\/2393"}],"wp:attachment":[{"href":"https:\/\/leco-mobilya.com\/index.php\/wp-json\/wp\/v2\/media?parent=2384"}],"wp:term":[{"taxonomy":"product_cat","embeddable":true,"href":"https:\/\/leco-mobilya.com\/index.php\/wp-json\/wp\/v2\/product_cat?post=2384"},{"taxonomy":"product_tag","embeddable":true,"href":"https:\/\/leco-mobilya.com\/index.php\/wp-json\/wp\/v2\/product_tag?post=2384"}],"curies":[{"name":"wp","href":"https:\/\/api.w.org\/{rel}","templated":true}]}}