{"id":2339,"date":"2024-12-16T10:11:45","date_gmt":"2024-12-16T09:11:45","guid":{"rendered":"https:\/\/leco-mobilya.com\/?post_type=product&#038;p=2339"},"modified":"2025-10-08T17:42:41","modified_gmt":"2025-10-08T15:42:41","slug":"salon-oslo","status":"publish","type":"product","link":"https:\/\/leco-mobilya.com\/index.php\/product\/salon-oslo\/","title":{"rendered":"Salon Oslo"},"content":{"rendered":"<div class=\"wptb-table-container wptb-table-2761\"><div class=\"wptb-table-container-matrix\" id=\"wptb-table-id-2761\" data-wptb-version=\"2.0.6\" data-wptb-pro-status=\"false\"><table class=\"wptb-preview-table wptb-element-main-table_setting-2761\" style=\"border-spacing: 3px 3px; border-collapse:  !important; min-width: 100%; border-width: 1px; border-style: solid; \" data-border-spacing-columns=\"3\" data-border-spacing-rows=\"3\" data-reconstraction=\"1\" data-wptb-cells-width-auto-count=\"2\" data-wptb-horizontal-scroll-status=\"false\" data-wptb-extra-styles=\"LyogRW50ZXIgeW91ciBjdXN0b20gQ1NTIHJ1bGVzIGhlcmUgKi8=\" data-wptb-pro-pagination-top-row-header=\"false\" data-wptb-rows-per-page=\"10\" data-wptb-pro-search-top-row-header=\"false\" data-wptb-searchbar-position=\"left\" role=\"table\" data-wptb-table-alignment=\"center\" data-wptb-table-tds-sum-max-width=\"263\"><tbody data-global-font-color=\"#000000\" data-global-link-color=\"#000000\" data-global-font-size=\"15\"><tr class=\"wptb-row \" style=\"\"><td class=\"wptb-cell \" style=\"padding: 15px; border-width: 1px; border-style: solid; \" data-y-index=\"0\" data-x-index=\"0\" data-wptb-css-td-auto-width=\"true\" data-wptb-cell-vertical-alignment=\"center\"><div class=\"wptb-text-container wptb-ph-element wptb-element-text-597\" style=\"\"><div style=\"position: relative;\"><p>D&eacute;signation<\/p>\n<\/div><\/div><\/td><td class=\"wptb-cell \" style=\"padding: 15px; border-width: 1px; border-style: solid; \" data-y-index=\"0\" data-x-index=\"1\" data-wptb-css-td-auto-width=\"true\" data-wptb-cell-vertical-alignment=\"center\"><div class=\"wptb-text-container wptb-ph-element wptb-element-text-598\" style=\"\"><div style=\"position: relative;\"><p>Taille ( L \/ P \/ H ) en m&egrave;tre<\/p>\n<\/div><\/div><\/td><\/tr><tr class=\"wptb-row \" style=\"\"><td class=\"wptb-cell \" style=\"padding: 15px; border-width: 1px; border-style: solid; \" data-y-index=\"1\" data-x-index=\"0\" data-wptb-css-td-auto-width=\"true\" data-wptb-cell-vertical-alignment=\"center\"><div class=\"wptb-text-container wptb-ph-element wptb-element-text-599\" style=\"color: rgb(0, 0, 0); font-size: 15px; \"><div style=\"position: relative;\"><p>Type de Mousse<\/p>\n<\/div><\/div><\/td><td class=\"wptb-cell \" style=\"padding: 15px; border-width: 1px; border-style: solid; \" data-y-index=\"1\" data-x-index=\"1\" data-wptb-css-td-auto-width=\"true\" data-wptb-cell-vertical-alignment=\"center\"><div class=\"wptb-text-container wptb-ph-element wptb-element-text-600\" style=\"color: rgb(0, 0, 0); font-size: 15px; \"><div style=\"position: relative;\"><p>Magique 30<\/p>\n<\/div><\/div><\/td><\/tr><tr class=\"wptb-row \" style=\"\"><td class=\"wptb-cell \" style=\"padding: 15px; border-width: 1px; border-style: solid; \" data-y-index=\"2\" data-x-index=\"0\" data-wptb-css-td-auto-width=\"true\" data-wptb-cell-vertical-alignment=\"center\"><div class=\"wptb-text-container wptb-ph-element wptb-element-text-601\" style=\"color: rgb(0, 0, 0); font-size: 15px; \"><div style=\"position: relative;\"><p>Nombre de places<\/p>\n<\/div><\/div><\/td><td class=\"wptb-cell \" style=\"padding: 15px; border-width: 1px; border-style: solid; \" data-y-index=\"2\" data-x-index=\"1\" data-wptb-css-td-auto-width=\"true\" data-wptb-cell-vertical-alignment=\"center\"><div class=\"wptb-text-container wptb-ph-element wptb-element-text-602\" style=\"color: rgb(0, 0, 0); font-size: 15px; \"><div style=\"position: relative;\"><p>3+2+pouf<\/p>\n<\/div><\/div><\/td><\/tr><tr class=\"wptb-row \" style=\"\"><td class=\"wptb-cell \" style=\"padding: 15px; border-width: 1px; border-style: solid; \" data-y-index=\"3\" data-x-index=\"0\" data-wptb-css-td-auto-width=\"true\" data-wptb-cell-vertical-alignment=\"center\"><div class=\"wptb-text-container wptb-ph-element wptb-element-text-603\" style=\"color: rgb(0, 0, 0); font-size: 15px; \"><div style=\"position: relative;\"><p>Fauteuil 3 places<\/p>\n<\/div><\/div><\/td><td class=\"wptb-cell \" style=\"padding: 15px; border-width: 1px; border-style: solid; \" data-y-index=\"3\" data-x-index=\"1\" data-wptb-css-td-auto-width=\"true\" data-wptb-cell-vertical-alignment=\"center\"><div class=\"wptb-text-container wptb-ph-element wptb-element-text-604\" style=\"color: rgb(0, 0, 0); font-size: 15px; \"><div style=\"position: relative;\"><p>2.49 x 0.92<\/p>\n<\/div><\/div><\/td><\/tr><tr class=\"wptb-row \" style=\"\"><td class=\"wptb-cell \" style=\"padding: 15px; border-width: 1px; border-style: solid; \" data-y-index=\"4\" data-x-index=\"0\" data-wptb-css-td-auto-width=\"true\" data-wptb-cell-vertical-alignment=\"center\"><div class=\"wptb-text-container wptb-ph-element wptb-element-text-605\" style=\"color: rgb(0, 0, 0); font-size: 15px; \"><div style=\"position: relative;\"><p>Fauteuil 2 places<\/p>\n<\/div><\/div><\/td><td class=\"wptb-cell \" style=\"padding: 15px; border-width: 1px; border-style: solid; \" data-y-index=\"4\" data-x-index=\"1\" data-wptb-css-td-auto-width=\"true\" data-wptb-cell-vertical-alignment=\"center\"><div class=\"wptb-text-container wptb-ph-element wptb-element-text-606\" style=\"color: rgb(0, 0, 0); font-size: 15px; \"><div style=\"position: relative;\"><p>2.09 x 0.92<\/p>\n<\/div><\/div><\/td><\/tr><tr class=\"wptb-row \" style=\"\"><td class=\"wptb-cell \" style=\"padding: 15px; border-width: 1px; border-style: solid; \" data-y-index=\"5\" data-x-index=\"0\" data-wptb-css-td-auto-width=\"true\" data-wptb-cell-vertical-alignment=\"center\"><div class=\"wptb-text-container wptb-ph-element wptb-element-text-607\" style=\"color: rgb(0, 0, 0); font-size: 15px; \"><div style=\"position: relative;\"><p>Pouf<\/p>\n<\/div><\/div><\/td><td class=\"wptb-cell \" style=\"padding: 15px; border-width: 1px; border-style: solid; \" data-y-index=\"5\" data-x-index=\"1\" data-wptb-css-td-auto-width=\"true\" data-wptb-cell-vertical-alignment=\"center\"><div class=\"wptb-text-container wptb-ph-element wptb-element-text-608\" style=\"color: rgb(0, 0, 0); font-size: 15px; \"><div style=\"position: relative;\"><p>1.30 x 0.63<\/p>\n<\/div><\/div><\/td><\/tr><tr class=\"wptb-row \" style=\"\"><td class=\"wptb-cell \" style=\"padding: 15px; border-width: 1px; border-style: solid; \" data-y-index=\"6\" data-x-index=\"0\" data-wptb-css-td-auto-width=\"true\" data-wptb-cell-vertical-alignment=\"center\"><div class=\"wptb-text-container wptb-ph-element wptb-element-text-609\" style=\"\"><div style=\"position: relative;\"><p>P&eacute;riode de garantie<\/p>\n<\/div><\/div><\/td><td class=\"wptb-cell \" style=\"padding: 15px; border-width: 1px; border-style: solid; \" data-y-index=\"6\" data-x-index=\"1\" data-wptb-css-td-auto-width=\"true\" data-wptb-cell-vertical-alignment=\"center\"><div class=\"wptb-text-container wptb-ph-element wptb-element-text-610\" style=\"\"><div style=\"position: relative;\"><p>Garantie contre les d&eacute;fauts de fabrication et de fabrication pendant 5 ans .<\/p>\n<\/div><\/div><\/td><\/tr><tr class=\"wptb-row \" style=\"\"><td class=\"wptb-cell \" style=\"padding: 15px; border-width: 1px; border-style: solid; \" data-y-index=\"7\" data-x-index=\"0\" data-wptb-css-td-auto-width=\"true\" data-wptb-cell-vertical-alignment=\"center\"><div class=\"wptb-text-container wptb-ph-element wptb-element-text-611\" style=\"\"><div style=\"position: relative;\"><p>D&eacute;lai de livraison<\/p>\n<\/div><\/div><\/td><td class=\"wptb-cell \" style=\"padding: 15px; border-width: 1px; border-style: solid; \" data-y-index=\"7\" data-x-index=\"1\" data-wptb-css-td-auto-width=\"true\" data-wptb-cell-vertical-alignment=\"center\"><div class=\"wptb-text-container wptb-ph-element wptb-element-text-612\" style=\"\"><div style=\"position: relative;\"><p>Vos commandes sont livr&eacute;es dans un d&eacute;lai de 1 &agrave; 15 jours ouvr&eacute;s en fonction de l'adresse de livraison.Vous pouvez obtenir des informations d&eacute;taill&eacute;es sur votre produit aupr&egrave;s de notre num&eacute;ro de service client 52 477 477 \/ 58 339 039<\/p>\n<\/div><\/div><\/td><\/tr><\/tbody><\/table><\/div><\/div>\n\n","protected":false},"excerpt":{"rendered":"<p>Le salon\u00a0<strong>OSLO<\/strong>\u00a0incarne l\u2019<strong>\u00e9l\u00e9gance intemporelle<\/strong>\u00a0et la\u00a0<strong>d\u00e9licatesse<\/strong>\u00a0dans votre espace de vie. Avec son\u00a0<strong>design romantique<\/strong>, ses\u00a0<strong>nuances subtiles<\/strong>\u00a0et son\u00a0<strong>mobilier confortable<\/strong>, ce salon offre une\u00a0<strong>ambiance chaleureuse<\/strong>\u00a0et\u00a0<strong>accueillante<\/strong>.\u00a0 Transformez votre salon en un\u00a0<strong>jardin de confort<\/strong>\u00a0et\u00a0<strong>de style<\/strong> avec le salon Oslo, o\u00f9 <strong>chaque d\u00e9tail est pens\u00e9<\/strong>\u00a0pour \u00e9voquer une\u00a0<strong>atmosph\u00e8re romantique\u00a0<\/strong>et\u00a0<strong>paisible<\/strong>.<\/p>\n","protected":false},"featured_media":3048,"comment_status":"open","ping_status":"closed","template":"","meta":[],"product_cat":[140,142],"product_tag":[],"class_list":{"0":"post-2339","1":"product","2":"type-product","3":"status-publish","4":"has-post-thumbnail","6":"product_cat-meuble-salon","7":"product_cat-salon","9":"first","10":"instock","11":"sale","12":"shipping-taxable","13":"purchasable","14":"product-type-simple"},"jetpack_sharing_enabled":true,"_links":{"self":[{"href":"https:\/\/leco-mobilya.com\/index.php\/wp-json\/wp\/v2\/product\/2339","targetHints":{"allow":["GET"]}}],"collection":[{"href":"https:\/\/leco-mobilya.com\/index.php\/wp-json\/wp\/v2\/product"}],"about":[{"href":"https:\/\/leco-mobilya.com\/index.php\/wp-json\/wp\/v2\/types\/product"}],"replies":[{"embeddable":true,"href":"https:\/\/leco-mobilya.com\/index.php\/wp-json\/wp\/v2\/comments?post=2339"}],"wp:featuredmedia":[{"embeddable":true,"href":"https:\/\/leco-mobilya.com\/index.php\/wp-json\/wp\/v2\/media\/3048"}],"wp:attachment":[{"href":"https:\/\/leco-mobilya.com\/index.php\/wp-json\/wp\/v2\/media?parent=2339"}],"wp:term":[{"taxonomy":"product_cat","embeddable":true,"href":"https:\/\/leco-mobilya.com\/index.php\/wp-json\/wp\/v2\/product_cat?post=2339"},{"taxonomy":"product_tag","embeddable":true,"href":"https:\/\/leco-mobilya.com\/index.php\/wp-json\/wp\/v2\/product_tag?post=2339"}],"curies":[{"name":"wp","href":"https:\/\/api.w.org\/{rel}","templated":true}]}}