{"id":2258,"date":"2024-12-12T15:58:50","date_gmt":"2024-12-12T14:58:50","guid":{"rendered":"https:\/\/leco-mobilya.com\/?post_type=product&#038;p=2258"},"modified":"2025-01-13T11:29:54","modified_gmt":"2025-01-13T10:29:54","slug":"chambre-enfant-lorine","status":"publish","type":"product","link":"https:\/\/leco-mobilya.com\/index.php\/product\/chambre-enfant-lorine\/","title":{"rendered":"Chambre Enfant LORINE"},"content":{"rendered":"<div class=\"wptb-table-container wptb-table-2260\"><div class=\"wptb-table-container-matrix\" id=\"wptb-table-id-2260\" data-wptb-version=\"2.0.6\" data-wptb-pro-status=\"false\"><table class=\"wptb-preview-table wptb-element-main-table_setting-2260\" style=\"border-spacing: 3px 3px; border-collapse:  !important; min-width: 100%; border-width: 1px; border-style: solid; \" data-border-spacing-columns=\"3\" data-border-spacing-rows=\"3\" data-reconstraction=\"1\" data-wptb-cells-width-auto-count=\"2\" data-wptb-horizontal-scroll-status=\"false\" data-wptb-extra-styles=\"LyogRW50ZXIgeW91ciBjdXN0b20gQ1NTIHJ1bGVzIGhlcmUgKi8=\" data-wptb-pro-pagination-top-row-header=\"false\" data-wptb-rows-per-page=\"10\" data-wptb-pro-search-top-row-header=\"false\" data-wptb-searchbar-position=\"left\" role=\"table\" data-wptb-table-alignment=\"center\" data-wptb-table-tds-sum-max-width=\"263\"><tbody data-global-font-color=\"#000000\" data-global-link-color=\"#000000\" data-global-font-size=\"15\"><tr class=\"wptb-row \" style=\"\"><td class=\"wptb-cell \" style=\"padding: 15px; border-width: 1px; border-style: solid; \" data-y-index=\"0\" data-x-index=\"0\" data-wptb-css-td-auto-width=\"true\" data-wptb-cell-vertical-alignment=\"center\"><div class=\"wptb-text-container wptb-ph-element wptb-element-text-597\" style=\"\"><div style=\"position: relative;\"><p>D&eacute;signation<\/p>\n<\/div><\/div><\/td><td class=\"wptb-cell \" style=\"padding: 15px; border-width: 1px; border-style: solid; \" data-y-index=\"0\" data-x-index=\"1\" data-wptb-css-td-auto-width=\"true\" data-wptb-cell-vertical-alignment=\"center\"><div class=\"wptb-text-container wptb-ph-element wptb-element-text-598\" style=\"\"><div style=\"position: relative;\"><p>Taille ( L \/ P \/ H ) en m&egrave;tre<\/p>\n<\/div><\/div><\/td><\/tr><tr class=\"wptb-row \" style=\"\"><td class=\"wptb-cell \" style=\"padding: 15px; border-width: 1px; border-style: solid; \" data-y-index=\"1\" data-x-index=\"0\" data-wptb-css-td-auto-width=\"true\" data-wptb-cell-vertical-alignment=\"center\"><div class=\"wptb-text-container wptb-ph-element wptb-element-text-599\" style=\"color: rgb(0, 0, 0); font-size: 15px; \"><div style=\"position: relative;\"><p>Lit chambre enfant LORINE<\/p>\n<\/div><\/div><\/td><td class=\"wptb-cell \" style=\"padding: 15px; border-width: 1px; border-style: solid; \" data-y-index=\"1\" data-x-index=\"1\" data-wptb-css-td-auto-width=\"true\" data-wptb-cell-vertical-alignment=\"center\"><div class=\"wptb-text-container wptb-ph-element wptb-element-text-600\" style=\"color: rgb(0, 0, 0); font-size: 15px; \"><div style=\"position: relative;\"><p>1.25 x 1.90&nbsp; o&ugrave;&nbsp; 0.90 x 1.90<\/p>\n<\/div><\/div><\/td><\/tr><tr class=\"wptb-row \" style=\"\"><td class=\"wptb-cell \" style=\"padding: 15px; border-width: 1px; border-style: solid; \" data-y-index=\"2\" data-x-index=\"0\" data-wptb-css-td-auto-width=\"true\" data-wptb-cell-vertical-alignment=\"center\"><div class=\"wptb-text-container wptb-ph-element wptb-element-text-601\" style=\"color: rgb(0, 0, 0); font-size: 15px; \"><div style=\"position: relative;\"><p>T&ecirc;te de lit<\/p>\n<\/div><\/div><\/td><td class=\"wptb-cell \" style=\"padding: 15px; border-width: 1px; border-style: solid; \" data-y-index=\"2\" data-x-index=\"1\" data-wptb-css-td-auto-width=\"true\" data-wptb-cell-vertical-alignment=\"center\"><div class=\"wptb-text-container wptb-ph-element wptb-element-text-602\" style=\"color: rgb(0, 0, 0); font-size: 15px; \"><div style=\"position: relative;\"><p>1.25 x 1.20<\/p>\n<\/div><\/div><\/td><\/tr><tr class=\"wptb-row \" style=\"\"><td class=\"wptb-cell \" style=\"padding: 15px; border-width: 1px; border-style: solid; \" data-y-index=\"3\" data-x-index=\"0\" data-wptb-css-td-auto-width=\"true\" data-wptb-cell-vertical-alignment=\"center\"><div class=\"wptb-text-container wptb-ph-element wptb-element-text-603\" style=\"color: rgb(0, 0, 0); font-size: 15px; \"><div style=\"position: relative;\"><p>Table de nuit&nbsp;&nbsp;<\/p>\n<\/div><\/div><\/td><td class=\"wptb-cell \" style=\"padding: 15px; border-width: 1px; border-style: solid; \" data-y-index=\"3\" data-x-index=\"1\" data-wptb-css-td-auto-width=\"true\" data-wptb-cell-vertical-alignment=\"center\"><div class=\"wptb-text-container wptb-ph-element wptb-element-text-604\" style=\"color: rgb(0, 0, 0); font-size: 15px; \"><div style=\"position: relative;\"><p>0.46 x 0.35 x 0.42<\/p>\n<\/div><\/div><\/td><\/tr><tr class=\"wptb-row \" style=\"\"><td class=\"wptb-cell \" style=\"padding: 15px; border-width: 1px; border-style: solid; \" data-y-index=\"4\" data-x-index=\"0\" data-wptb-css-td-auto-width=\"true\" data-wptb-cell-vertical-alignment=\"center\"><div class=\"wptb-text-container wptb-ph-element wptb-element-text-605\" style=\"color: rgb(0, 0, 0); font-size: 15px; \"><div style=\"position: relative;\"><p>Bureau enfant LORINE<\/p>\n<\/div><\/div><\/td><td class=\"wptb-cell \" style=\"padding: 15px; border-width: 1px; border-style: solid; \" data-y-index=\"4\" data-x-index=\"1\" data-wptb-css-td-auto-width=\"true\" data-wptb-cell-vertical-alignment=\"center\"><div class=\"wptb-text-container wptb-ph-element wptb-element-text-606\" style=\"color: rgb(0, 0, 0); font-size: 15px; \"><div style=\"position: relative;\"><p>1.10 x 0.50 x 0.80<\/p>\n<\/div><\/div><\/td><\/tr><tr class=\"wptb-row \" style=\"\"><td class=\"wptb-cell \" style=\"padding: 15px; border-width: 1px; border-style: solid; \" data-y-index=\"5\" data-x-index=\"0\" data-wptb-css-td-auto-width=\"true\" data-wptb-cell-vertical-alignment=\"center\"><div class=\"wptb-text-container wptb-ph-element wptb-element-text-607\" style=\"color: rgb(0, 0, 0); font-size: 15px; \"><div style=\"position: relative;\"><p>Ponderie 3P<\/p>\n<\/div><\/div><\/td><td class=\"wptb-cell \" style=\"padding: 15px; border-width: 1px; border-style: solid; \" data-y-index=\"5\" data-x-index=\"1\" data-wptb-css-td-auto-width=\"true\" data-wptb-cell-vertical-alignment=\"center\"><div class=\"wptb-text-container wptb-ph-element wptb-element-text-608\" style=\"color: rgb(0, 0, 0); font-size: 15px; \"><div style=\"position: relative;\"><p>1.39 x 0.50 x 2.14<\/p>\n<\/div><\/div><\/td><\/tr><tr class=\"wptb-row \" style=\"\"><td class=\"wptb-cell \" style=\"padding: 15px; border-width: 1px; border-style: solid; \" data-y-index=\"6\" data-x-index=\"0\" data-wptb-css-td-auto-width=\"true\" data-wptb-cell-vertical-alignment=\"center\"><div class=\"wptb-text-container wptb-ph-element wptb-element-text-609\" style=\"color: rgb(0, 0, 0); font-size: 15px; \"><div style=\"position: relative;\"><p>Niche<\/p>\n<\/div><\/div><\/td><td class=\"wptb-cell \" style=\"padding: 15px; border-width: 1px; border-style: solid; \" data-y-index=\"6\" data-x-index=\"1\" data-wptb-css-td-auto-width=\"true\" data-wptb-cell-vertical-alignment=\"center\"><div class=\"wptb-text-container wptb-ph-element wptb-element-text-610\" style=\"color: rgb(0, 0, 0); font-size: 15px; \"><div style=\"position: relative;\"><p>1.00 x 0.25 x 0.25<\/p>\n<\/div><\/div><\/td><\/tr><tr class=\"wptb-row \" style=\"\"><td class=\"wptb-cell \" style=\"padding: 15px; border-width: 1px; border-style: solid; \" data-y-index=\"7\" data-x-index=\"0\" data-wptb-css-td-auto-width=\"true\" data-wptb-cell-vertical-alignment=\"center\"><div class=\"wptb-text-container wptb-ph-element wptb-element-text-611\" style=\"\"><div style=\"position: relative;\"><p>Mat&eacute;riaux du produit&nbsp;<\/p>\n<\/div><\/div><\/td><td class=\"wptb-cell \" style=\"padding: 15px; border-width: 1px; border-style: solid; \" data-y-index=\"7\" data-x-index=\"1\" data-wptb-css-td-auto-width=\"true\" data-wptb-cell-vertical-alignment=\"center\"><div class=\"wptb-text-container wptb-ph-element wptb-element-text-612\" style=\"\"><div style=\"position: relative;\"><p>Nos produits sont fabriqu&eacute;s par des mati&egrave;res premi&egrave;res certifi&eacute;es E1 ne contenant pas de substances canc&eacute;rig&egrave;nes et conformes aux normes sanitaires de l'Union europ&eacute;enne.&nbsp;La structure de l&rsquo;&eacute;l&eacute;ment est pr&eacute;sente une bonne stabilit&eacute; et une solidit&eacute; structurelle ad&eacute;quate par rapport aux contraintes soutenues lors d&rsquo;une utilisation normale.<\/p>\n<\/div><\/div><\/td><\/tr><tr class=\"wptb-row \" style=\"\"><td class=\"wptb-cell \" style=\"padding: 15px; border-width: 1px; border-style: solid; \" data-y-index=\"8\" data-x-index=\"0\" data-wptb-css-td-auto-width=\"true\" data-wptb-cell-vertical-alignment=\"center\"><div class=\"wptb-text-container wptb-ph-element wptb-element-text-613\" style=\"\"><div style=\"position: relative;\"><p>P&eacute;riode de garantie<\/p>\n<\/div><\/div><\/td><td class=\"wptb-cell \" style=\"padding: 15px; border-width: 1px; border-style: solid; \" data-y-index=\"8\" data-x-index=\"1\" data-wptb-css-td-auto-width=\"true\" data-wptb-cell-vertical-alignment=\"center\"><div class=\"wptb-text-container wptb-ph-element wptb-element-text-614\" style=\"\"><div style=\"position: relative;\"><p>Garantie contre les d&eacute;fauts de fabrication et de fabrication pendant 5 ans .<\/p>\n<\/div><\/div><\/td><\/tr><tr class=\"wptb-row \" style=\"\"><td class=\"wptb-cell \" style=\"padding: 15px; border-width: 1px; border-style: solid; \" data-y-index=\"9\" data-x-index=\"0\" data-wptb-css-td-auto-width=\"true\" data-wptb-cell-vertical-alignment=\"center\"><div class=\"wptb-text-container wptb-ph-element wptb-element-text-615\" style=\"\"><div style=\"position: relative;\"><p>D&eacute;lai de livraison<\/p>\n<\/div><\/div><\/td><td class=\"wptb-cell \" style=\"padding: 15px; border-width: 1px; border-style: solid; \" data-y-index=\"9\" data-x-index=\"1\" data-wptb-css-td-auto-width=\"true\" data-wptb-cell-vertical-alignment=\"center\"><div class=\"wptb-text-container wptb-ph-element wptb-element-text-616\" style=\"color: rgb(0, 0, 0); font-size: 15px; \"><div style=\"position: relative;\"><p>Vos commandes sont livr&eacute;es dans un d&eacute;lai de 1 &agrave; 15 jours ouvr&eacute;s en fonction de l'adresse de livraison.Vous pouvez obtenir des informations d&eacute;taill&eacute;es sur votre produit aupr&egrave;s de notre num&eacute;ro de service client 52 477 477 \/ 58 339 039<\/p>\n<\/div><\/div><\/td><\/tr><\/tbody><\/table><\/div><\/div>\n\n","protected":false},"excerpt":{"rendered":"<p>D\u00e9couvrez la chambre enfant <strong>LORINE<\/strong>, un ensemble moderne et fonctionnel con\u00e7u pour cr\u00e9er un espace confortable et charmant. Parfaite pour inspirer les r\u00eaves et la cr\u00e9ativit\u00e9 de vos enfants. Disponible d\u00e8s maintenant sur <strong>LECO Mobilia<\/strong> !<\/p>\n","protected":false},"featured_media":2263,"comment_status":"open","ping_status":"closed","template":"","meta":[],"product_cat":[30,137],"product_tag":[],"class_list":{"0":"post-2258","1":"product","2":"type-product","3":"status-publish","4":"has-post-thumbnail","6":"product_cat-chambre-enfant","7":"product_cat-chambre-enfant-complete","9":"first","10":"instock","11":"shipping-taxable","12":"purchasable","13":"product-type-simple"},"jetpack_sharing_enabled":true,"_links":{"self":[{"href":"https:\/\/leco-mobilya.com\/index.php\/wp-json\/wp\/v2\/product\/2258","targetHints":{"allow":["GET"]}}],"collection":[{"href":"https:\/\/leco-mobilya.com\/index.php\/wp-json\/wp\/v2\/product"}],"about":[{"href":"https:\/\/leco-mobilya.com\/index.php\/wp-json\/wp\/v2\/types\/product"}],"replies":[{"embeddable":true,"href":"https:\/\/leco-mobilya.com\/index.php\/wp-json\/wp\/v2\/comments?post=2258"}],"wp:featuredmedia":[{"embeddable":true,"href":"https:\/\/leco-mobilya.com\/index.php\/wp-json\/wp\/v2\/media\/2263"}],"wp:attachment":[{"href":"https:\/\/leco-mobilya.com\/index.php\/wp-json\/wp\/v2\/media?parent=2258"}],"wp:term":[{"taxonomy":"product_cat","embeddable":true,"href":"https:\/\/leco-mobilya.com\/index.php\/wp-json\/wp\/v2\/product_cat?post=2258"},{"taxonomy":"product_tag","embeddable":true,"href":"https:\/\/leco-mobilya.com\/index.php\/wp-json\/wp\/v2\/product_tag?post=2258"}],"curies":[{"name":"wp","href":"https:\/\/api.w.org\/{rel}","templated":true}]}}