{"id":1745,"date":"2024-08-24T02:01:43","date_gmt":"2024-08-24T00:01:43","guid":{"rendered":"https:\/\/lecomobilya.com\/?post_type=product&#038;p=1745"},"modified":"2026-04-10T12:54:07","modified_gmt":"2026-04-10T10:54:07","slug":"chambre-alliance-plus","status":"publish","type":"product","link":"https:\/\/leco-mobilya.com\/index.php\/product\/chambre-alliance-plus\/","title":{"rendered":"Chambre ALLIANCE PLUS"},"content":{"rendered":"[wptb id=\"3747\" not found ]\n","protected":false},"excerpt":{"rendered":"<div class=\"flex flex-grow flex-col max-w-full\">\n<div class=\"min-h-[20px] text-message flex flex-col items-start whitespace-pre-wrap break-words [.text-message+&amp;]:mt-5 juice:w-full juice:items-end overflow-x-auto gap-2\" dir=\"auto\" data-message-author-role=\"assistant\" data-message-id=\"eff8547b-790d-481a-8b3b-c769d1a6d137\">\n<div class=\"flex w-full flex-col gap-1 juice:empty:hidden juice:first:pt-[3px]\">\n<div class=\"markdown prose w-full break-words dark:prose-invert light\">\n<p>Plongez dans un cocon de <strong>confort<\/strong> et <strong>d&rsquo;harmonie<\/strong> avec la <strong>chambre adulte ALLIANCE PLUS<\/strong>. Ce <strong>mobilier \u00e9l\u00e9gant<\/strong> offre une combinaison parfaite entre style et fonctionnalit\u00e9. Dot\u00e9e d&rsquo;un <strong>lit spacieux<\/strong> et d&rsquo;une <strong>armoire \u00e0 la fois pratique et esth\u00e9tique,<\/strong> la chambre <strong>ALLIANCE PLUS<\/strong> ajoute une touche de <strong>raffinement<\/strong> \u00e0 votre espace de repos. Id\u00e9ale pour cr\u00e9er une atmosph\u00e8re relaxante et ordonn\u00e9e, cette chambre vous invite \u00e0 un sommeil r\u00e9parateur et paisible.<\/p>\n<\/div>\n<\/div>\n<\/div>\n<\/div>\n","protected":false},"featured_media":1958,"comment_status":"open","ping_status":"closed","template":"","meta":[],"product_cat":[33,136],"product_tag":[],"class_list":{"0":"post-1745","1":"product","2":"type-product","3":"status-publish","4":"has-post-thumbnail","6":"product_cat-chambre-adulte","7":"product_cat-chambres-a-coucher","9":"first","10":"instock","11":"featured","12":"shipping-taxable","13":"purchasable","14":"product-type-simple"},"jetpack_sharing_enabled":true,"_links":{"self":[{"href":"https:\/\/leco-mobilya.com\/index.php\/wp-json\/wp\/v2\/product\/1745","targetHints":{"allow":["GET"]}}],"collection":[{"href":"https:\/\/leco-mobilya.com\/index.php\/wp-json\/wp\/v2\/product"}],"about":[{"href":"https:\/\/leco-mobilya.com\/index.php\/wp-json\/wp\/v2\/types\/product"}],"replies":[{"embeddable":true,"href":"https:\/\/leco-mobilya.com\/index.php\/wp-json\/wp\/v2\/comments?post=1745"}],"wp:featuredmedia":[{"embeddable":true,"href":"https:\/\/leco-mobilya.com\/index.php\/wp-json\/wp\/v2\/media\/1958"}],"wp:attachment":[{"href":"https:\/\/leco-mobilya.com\/index.php\/wp-json\/wp\/v2\/media?parent=1745"}],"wp:term":[{"taxonomy":"product_cat","embeddable":true,"href":"https:\/\/leco-mobilya.com\/index.php\/wp-json\/wp\/v2\/product_cat?post=1745"},{"taxonomy":"product_tag","embeddable":true,"href":"https:\/\/leco-mobilya.com\/index.php\/wp-json\/wp\/v2\/product_tag?post=1745"}],"curies":[{"name":"wp","href":"https:\/\/api.w.org\/{rel}","templated":true}]}}