{"id":357,"date":"2016-03-03T01:43:43","date_gmt":"2016-03-03T01:43:43","guid":{"rendered":"https:\/\/demo1.wpthemego.com\/themes\/sw_furnicom\/?page_id=357"},"modified":"2024-12-13T16:18:47","modified_gmt":"2024-12-13T15:18:47","slug":"contact-us","status":"publish","type":"page","link":"https:\/\/leco-mobilya.com\/index.php\/contact-us\/","title":{"rendered":"Contactez-nous"},"content":{"rendered":"<div class=\"wpb-content-wrapper\"><p>[vc_row css=\u00a0\u00bb.vc_custom_1437122550533{margin-right: -15px !important;margin-left: -15px !important;}\u00a0\u00bb][vc_column css=\u00a0\u00bb.vc_custom_1456973992660{padding-right: 15px !important;padding-left: 15px !important;}\u00a0\u00bb][vc_gmaps link=\u00a0\u00bb#E-8_JTNDaWZyYW1lJTIwd2lkdGglM0QlMjIxMDAlMjUlMjIlMjBoZWlnaHQlM0QlMjIzMDRweCUyMiUyMGZyYW1lYm9yZGVyJTNEJTIyMCUyMiUyMHNyYyUzRCUyMmh0dHBzJTNBJTJGJTJGd3d3Lmdvb2dsZS5jb20lMkZtYXBzJTJGZW1iZWQlM0ZwYiUzRCUyMTFtMTglMjExbTEyJTIxMW0zJTIxMWQyMDkuOTg1NTE1NjQwNzU5NiUyMTJkMTAuNzYyNTQxNjEyNDk4ODg2JTIxM2QzNC44NDM3ODg5NzQ0NjYzNyUyMTJtMyUyMTFmMCUyMTJmMCUyMTNmMCUyMTNtMiUyMTFpMTAyNCUyMTJpNzY4JTIxNGYxMy4xJTIxM20zJTIxMW0yJTIxMXMweDEzMDFkMTk4ZmNjZmQwMWIlMjUzQTB4MTBhMTE2YTM1MzBmOWMyZCUyMTJzQ2l0JTI1QzMlMjVBOSUyNTIwT25zJTI1MkMlMjUyMFNha2lldCUyNTIwRXp6aXQlMjE1ZTElMjEzbTIlMjExc2ZyJTIxMnN0biUyMTR2MTcyNDc5NTcwOTg4NSUyMTVtMiUyMTFzZnIlMjEyc3RuJTIyJTIwd2lkdGglM0QlMjI2MDAlMjIlMjBoZWlnaHQlM0QlMjI0NTAlMjIlMjBzdHlsZSUzRCUyMmJvcmRlciUzQTAlM0IlMjIlMjBhbGxvd2Z1bGxzY3JlZW4lM0QlMjIlMjIlMjBsb2FkaW5nJTNEJTIybGF6eSUyMiUyMHJlZmVycmVycG9saWN5JTNEJTIybm8tcmVmZXJyZXItd2hlbi1kb3duZ3JhZGUlMjIlM0UlM0MlMkZpZnJhbWUlM0U=\u00a0\u00bb size=\u00a0\u00bb303px\u00a0\u00bb css=\u00a0\u00bb.vc_custom_1724795744342{margin-bottom: 43px !important;}\u00a0\u00bb][vc_row_inner css=\u00a0\u00bb.vc_custom_1437126437380{margin-right: -15px !important;margin-left: -15px !important;}\u00a0\u00bb el_class=\u00a0\u00bbcontact-bonus\u00a0\u00bb][vc_column_inner width=\u00a0\u00bb1\/3&Prime; css=\u00a0\u00bb.vc_custom_1437122737983{padding-right: 15px !important;padding-left: 15px !important;}\u00a0\u00bb][vc_column_text css=\u00a0\u00bb.vc_custom_1724796457724{margin-bottom: 0px !important;padding-bottom: 22px !important;}\u00a0\u00bb]<\/p>\n<div class=\"page-title\">\n<h3>LecoMobilya<\/h3>\n<\/div>\n<div class=\"flex max-w-full flex-col flex-grow\">\n<div class=\"min-h-[20px] text-message flex w-full flex-col items-end gap-2 break-words [.text-message+&amp;]:mt-5 overflow-x-auto whitespace-normal\" dir=\"auto\" data-message-author-role=\"assistant\" data-message-id=\"f6d51e5f-adc5-4722-bd15-514131038083\">\n<div class=\"flex w-full flex-col gap-1 empty:hidden first:pt-[3px]\">\n<div class=\"markdown prose w-full break-words dark:prose-invert light\">\n<p>LecoMobilya est une boutique en ligne sp\u00e9cialis\u00e9e dans la vente de meubles et d\u2019ameublement en Tunisie, offrant des produits alliant qualit\u00e9, style, et durabilit\u00e9. Nous vous accompagnons dans la cr\u00e9ation d\u2019un espace de vie qui vous ressemble, avec un service client d\u00e9di\u00e9 et une s\u00e9lection diversifi\u00e9e pour tous les go\u00fbts.<\/p>\n<\/div>\n<\/div>\n<\/div>\n<\/div>\n<p>[\/vc_column_text][vc_column_text css=\u00a0\u00bb.vc_custom_1724796032964{margin-bottom: 20px !important;}\u00a0\u00bb]<\/p>\n<p class=\"ct ct-street\">Adresse : Route Tunis km 10,<br \/>\npr\u00e8s du Mall of Sfax, Tunisie<\/p>\n<p class=\"ct ct-email\">Email : leco.commercial@gmail.com<\/p>\n<p class=\"ct ct-hotline\">Infoline : 52 477 477<\/p>\n<p>[\/vc_column_text][vc_raw_html css=\u00a0\u00bb\u00a0\u00bb]JTNDZGl2JTIwY2xhc3MlM0QlMjJzb2NpYWxzJTIyJTNFJTBBJTIwJTIwJTIwJTIwJTNDdWwlM0UlMEElMjAlMjAlMjAlMjAlMjAlMjAlMjAlMjAlM0NsaSUzRSUwQSUyMCUyMCUyMCUyMCUyMCUyMCUyMCUyMCUyMCUyMCUyMCUyMCUzQ2ElMjBocmVmJTNEJTIyaHR0cHMlM0ElMkYlMkZ3d3cuZmFjZWJvb2suY29tJTJGbGVjb21vYmlseWElMjIlMjB0YXJnZXQlM0QlMjJfYmxhbmslMjIlMjByZWwlM0QlMjJub29wZW5lciUyMG5vcmVmZXJyZXIlMjIlM0UlMEElMjAlMjAlMjAlMjAlMjAlMjAlMjAlMjAlMjAlMjAlMjAlMjAlMjAlMjAlMjAlMjAlM0NpJTIwY2xhc3MlM0QlMjJmYSUyMGZhLWZhY2Vib29rJTIyJTNFJTNDJTJGaSUzRSUwQSUyMCUyMCUyMCUyMCUyMCUyMCUyMCUyMCUyMCUyMCUyMCUyMCUzQyUyRmElM0UlMEElMjAlMjAlMjAlMjAlMjAlMjAlMjAlMjAlM0MlMkZsaSUzRSUwQSUyMCUyMCUyMCUyMCUyMCUyMCUyMCUyMCUzQ2xpJTNFJTBBJTIwJTIwJTIwJTIwJTIwJTIwJTIwJTIwJTIwJTIwJTIwJTIwJTNDYSUyMGhyZWYlM0QlMjJodHRwcyUzQSUyRiUyRnd3dy5pbnN0YWdyYW0uY29tJTJGbGVjby5tb2JpbHlhJTJGJTIyJTIwdGFyZ2V0JTNEJTIyX2JsYW5rJTIyJTIwcmVsJTNEJTIybm9vcGVuZXIlMjBub3JlZmVycmVyJTIyJTNFJTBBJTIwJTIwJTIwJTIwJTIwJTIwJTIwJTIwJTIwJTIwJTIwJTIwJTIwJTIwJTIwJTIwJTNDaSUyMGNsYXNzJTNEJTIyZmElMjBmYS1pbnN0YWdyYW0lMjIlM0UlM0MlMkZpJTNFJTBBJTIwJTIwJTIwJTIwJTIwJTIwJTIwJTIwJTIwJTIwJTIwJTIwJTNDJTJGYSUzRSUwQSUyMCUyMCUyMCUyMCUyMCUyMCUyMCUyMCUzQyUyRmxpJTNFJTBBJTIwJTIwJTIwJTIwJTNDJTJGdWwlM0UlMEElM0MlMkZkaXYlM0UlMEE=[\/vc_raw_html][\/vc_column_inner][vc_column_inner width=\u00a0\u00bb2\/3&Prime; css=\u00a0\u00bb.vc_custom_1437185648827{padding-right: 15px !important;padding-left: 15px !important;}\u00a0\u00bb][vc_column_text css=\u00a0\u00bb\u00a0\u00bb]<\/p>\n<div class=\"page-title\">\n<h3>Pour plus de d\u00e9tails<\/h3>\n<\/div>\n<p>[\/vc_column_text]\n<div class=\"wpcf7 no-js\" id=\"wpcf7-f378-o1\" lang=\"en-US\" dir=\"ltr\" data-wpcf7-id=\"378\">\n<div class=\"screen-reader-response\"><p role=\"status\" aria-live=\"polite\" aria-atomic=\"true\"><\/p> <ul><\/ul><\/div>\n<form action=\"\/index.php\/wp-json\/wp\/v2\/pages\/357#wpcf7-f378-o1\" method=\"post\" class=\"wpcf7-form init\" aria-label=\"Contact form\" novalidate=\"novalidate\" data-status=\"init\">\n<div style=\"display: none;\">\n<input type=\"hidden\" name=\"_wpcf7\" value=\"378\" \/>\n<input type=\"hidden\" name=\"_wpcf7_version\" value=\"6.0.6\" \/>\n<input type=\"hidden\" name=\"_wpcf7_locale\" value=\"en_US\" \/>\n<input type=\"hidden\" name=\"_wpcf7_unit_tag\" value=\"wpcf7-f378-o1\" \/>\n<input type=\"hidden\" name=\"_wpcf7_container_post\" value=\"0\" \/>\n<input type=\"hidden\" name=\"_wpcf7_posted_data_hash\" value=\"\" \/>\n<\/div>\n<p class=\"pull-left\"><br \/>\n<span class=\"wpcf7-form-control-wrap\" data-name=\"your-name\"><input size=\"40\" maxlength=\"400\" class=\"wpcf7-form-control wpcf7-text wpcf7-validates-as-required\" aria-required=\"true\" aria-invalid=\"false\" placeholder=\"Your name :\" value=\"\" type=\"text\" name=\"your-name\" \/><\/span>\n<\/p>\n<p class=\"pull-left\"><br \/>\n<span class=\"wpcf7-form-control-wrap\" data-name=\"your-email\"><input size=\"40\" maxlength=\"400\" class=\"wpcf7-form-control wpcf7-email wpcf7-validates-as-required wpcf7-text wpcf7-validates-as-email\" aria-required=\"true\" aria-invalid=\"false\" placeholder=\"Your email :\" value=\"\" type=\"email\" name=\"your-email\" \/><\/span>\n<\/p>\n<p class=\"clear-fix\"><br \/>\n<span class=\"wpcf7-form-control-wrap\" data-name=\"your-message\"><textarea cols=\"40\" rows=\"10\" maxlength=\"2000\" class=\"wpcf7-form-control wpcf7-textarea\" aria-invalid=\"false\" placeholder=\"Your Comment :\" name=\"your-message\"><\/textarea><\/span>\n<\/p>\n<p class=\"senmail-buttom\"><input class=\"wpcf7-form-control wpcf7-submit has-spinner\" type=\"submit\" value=\"SEND EMAIL\" \/>\n<\/p><div class=\"wpcf7-response-output\" aria-hidden=\"true\"><\/div>\n<\/form>\n<\/div>\n[\/vc_column_inner][\/vc_row_inner][\/vc_column][\/vc_row]<\/p>\n<\/div>","protected":false},"excerpt":{"rendered":"<p>[vc_row css=\u00a0\u00bb.vc_custom_1437122550533{margin-right: -15px !important;margin-left: -15px !important;}\u00a0\u00bb][vc_column css=\u00a0\u00bb.vc_custom_1456973992660{padding-right: 15px !important;padding-left: 15px !important;}\u00a0\u00bb][vc_gmaps link=\u00a0\u00bb#E-8_JTNDaWZyYW1lJTIwd2lkdGglM0QlMjIxMDAlMjUlMjIlMjBoZWlnaHQlM0QlMjIzMDRweCUyMiUyMGZyYW1lYm9yZGVyJTNEJTIyMCUyMiUyMHNyYyUzRCUyMmh0dHBzJTNBJTJGJTJGd3d3Lmdvb2dsZS5jb20lMkZtYXBzJTJGZW1iZWQlM0ZwYiUzRCUyMTFtMTglMjExbTEyJTIxMW0zJTIxMWQyMDkuOTg1NTE1NjQwNzU5NiUyMTJkMTAuNzYyNTQxNjEyNDk4ODg2JTIxM2QzNC44NDM3ODg5NzQ0NjYzNyUyMTJtMyUyMTFmMCUyMTJmMCUyMTNmMCUyMTNtMiUyMTFpMTAyNCUyMTJpNzY4JTIxNGYxMy4xJTIxM20zJTIxMW0yJTIxMXMweDEzMDFkMTk4ZmNjZmQwMWIlMjUzQTB4MTBhMTE2YTM1MzBmOWMyZCUyMTJzQ2l0JTI1QzMlMjVBOSUyNTIwT25zJTI1MkMlMjUyMFNha2lldCUyNTIwRXp6aXQlMjE1ZTElMjEzbTIlMjExc2ZyJTIxMnN0biUyMTR2MTcyNDc5NTcwOTg4NSUyMTVtMiUyMTFzZnIlMjEyc3RuJTIyJTIwd2lkdGglM0QlMjI2MDAlMjIlMjBoZWlnaHQlM0QlMjI0NTAlMjIlMjBzdHlsZSUzRCUyMmJvcmRlciUzQTAlM0IlMjIlMjBhbGxvd2Z1bGxzY3JlZW4lM0QlMjIlMjIlMjBsb2FkaW5nJTNEJTIybGF6eSUyMiUyMHJlZmVycmVycG9saWN5JTNEJTIybm8tcmVmZXJyZXItd2hlbi1kb3duZ3JhZGUlMjIlM0UlM0MlMkZpZnJhbWUlM0U=\u00a0\u00bb size=\u00a0\u00bb303px\u00a0\u00bb css=\u00a0\u00bb.vc_custom_1724795744342{margin-bottom: 43px !important;}\u00a0\u00bb][vc_row_inner css=\u00a0\u00bb.vc_custom_1437126437380{margin-right: -15px !important;margin-left: -15px !important;}\u00a0\u00bb el_class=\u00a0\u00bbcontact-bonus\u00a0\u00bb][vc_column_inner width=\u00a0\u00bb1\/3&Prime; css=\u00a0\u00bb.vc_custom_1437122737983{padding-right: 15px !important;padding-left: 15px !important;}\u00a0\u00bb][vc_column_text css=\u00a0\u00bb.vc_custom_1724796457724{margin-bottom: 0px !important;padding-bottom: 22px !important;}\u00a0\u00bb] LecoMobilya LecoMobilya est une boutique en ligne sp\u00e9cialis\u00e9e dans la vente de meubles et d\u2019ameublement en Tunisie, offrant des produits alliant qualit\u00e9, &hellip; <a href=\"https:\/\/leco-mobilya.com\/index.php\/contact-us\/\">Readmore<\/a><\/p>\n","protected":false},"author":1,"featured_media":0,"parent":0,"menu_order":0,"comment_status":"closed","ping_status":"closed","template":"","meta":{"footnotes":""},"class_list":["post-357","page","type-page","status-publish","hentry"],"jetpack_sharing_enabled":true,"_links":{"self":[{"href":"https:\/\/leco-mobilya.com\/index.php\/wp-json\/wp\/v2\/pages\/357","targetHints":{"allow":["GET"]}}],"collection":[{"href":"https:\/\/leco-mobilya.com\/index.php\/wp-json\/wp\/v2\/pages"}],"about":[{"href":"https:\/\/leco-mobilya.com\/index.php\/wp-json\/wp\/v2\/types\/page"}],"author":[{"embeddable":true,"href":"https:\/\/leco-mobilya.com\/index.php\/wp-json\/wp\/v2\/users\/1"}],"replies":[{"embeddable":true,"href":"https:\/\/leco-mobilya.com\/index.php\/wp-json\/wp\/v2\/comments?post=357"}],"version-history":[{"count":3,"href":"https:\/\/leco-mobilya.com\/index.php\/wp-json\/wp\/v2\/pages\/357\/revisions"}],"predecessor-version":[{"id":2274,"href":"https:\/\/leco-mobilya.com\/index.php\/wp-json\/wp\/v2\/pages\/357\/revisions\/2274"}],"wp:attachment":[{"href":"https:\/\/leco-mobilya.com\/index.php\/wp-json\/wp\/v2\/media?parent=357"}],"curies":[{"name":"wp","href":"https:\/\/api.w.org\/{rel}","templated":true}]}}