{"id":349,"date":"2016-03-03T01:36:58","date_gmt":"2016-03-03T01:36:58","guid":{"rendered":"https:\/\/demo1.wpthemego.com\/themes\/sw_furnicom\/?page_id=349"},"modified":"2024-08-27T19:39:21","modified_gmt":"2024-08-27T17:39:21","slug":"about-us","status":"publish","type":"page","link":"https:\/\/leco-mobilya.com\/index.php\/about-us\/","title":{"rendered":"A Propos"},"content":{"rendered":"<div class=\"wpb-content-wrapper\"><p>[vc_row full_width=\u00a0\u00bbstretch_row_content_no_spaces\u00a0\u00bb el_class=\u00a0\u00bbabout-us\u00a0\u00bb css=\u00a0\u00bb.vc_custom_1456988506567{margin-top: 100px !important;margin-bottom: 0px !important;padding-bottom: 89px !important;}\u00a0\u00bb][vc_column el_class=\u00a0\u00bbcontainer float\u00a0\u00bb][vc_column_text css=\u00a0\u00bb\u00a0\u00bb]&nbsp;<\/p>\n<div class=\"description-about\">\n<div class=\"page-title\">\n<h2>LECOMobilya !<\/h2>\n<\/div>\n<p>Bienvenue sur la page \u00ab\u00a0Qui Sommes-Nous?\u00a0\u00bb de LecoMobilya, votre destination privil\u00e9gi\u00e9e pour l&rsquo;ameublement en ligne en Tunisie. Nous sommes bien plus qu&rsquo;une simple plateforme de vente de meubles ; nous sommes une \u00e9quipe passionn\u00e9e qui s&rsquo;engage \u00e0 red\u00e9finir votre exp\u00e9rience d&rsquo;achat de mobilier, en mettant l&rsquo;accent sur la qualit\u00e9, le style et le service exceptionnel.<\/p>\n<p>Chez LecoMobilya, nous comprenons que chaque pi\u00e8ce de mobilier raconte une histoire unique, refl\u00e9tant votre style personnel et cr\u00e9ant un chez-soi qui vous ressemble. Notre mission est de vous offrir une s\u00e9lection soigneusement choisie de meubles alliant esth\u00e9tique moderne, durabilit\u00e9 et fonctionnalit\u00e9. Que vous recherchiez des meubles pour votre salon, votre chambre, votre salle \u00e0 manger ou votre espace de travail, nous avons ce qu&rsquo;il vous faut.<\/p>\n<p>Ce qui distingue LecoMobilya, c&rsquo;est notre engagement envers la satisfaction totale de nos clients. Nous sommes fiers de collaborer avec des fabricants r\u00e9put\u00e9s, garantissant des produits de haute qualit\u00e9 \u00e0 des prix comp\u00e9titifs. Notre \u00e9quipe d\u00e9vou\u00e9e est l\u00e0 pour vous guider \u00e0 chaque \u00e9tape, que ce soit pour vous aider \u00e0 choisir le mobilier parfait, r\u00e9pondre \u00e0 vos questions ou vous assister apr\u00e8s l&rsquo;achat.<\/p>\n<p>Nous sommes \u00e9galement conscients de l&rsquo;importance de la durabilit\u00e9 dans le choix du mobilier. C&rsquo;est pourquoi nous nous effor\u00e7ons de proposer des options respectueuses de l&rsquo;environnement, favorisant ainsi un mode de vie \u00e9coresponsable.<\/p>\n<p>Chez LecoMobilya, nous sommes bien plus qu&rsquo;un magasin de meubles en ligne. Nous sommes vos partenaires dans la cr\u00e9ation d&rsquo;un espace qui vous inspire, vous r\u00e9conforte et vous repr\u00e9sente. Explorez notre collection diversifi\u00e9e, d\u00e9couvrez l&rsquo;excellence du service client et faites de chaque pi\u00e8ce de votre maison une expression de votre style unique avec LecoMobilya.<\/p>\n<p>Merci de faire confiance \u00e0 LecoMobilya pour vos besoins en mobilier en Tunisie.<\/p>\n<\/div>\n<p>[\/vc_column_text][\/vc_column][\/vc_row]<\/p>\n<\/div>","protected":false},"excerpt":{"rendered":"<p>[vc_row full_width=\u00a0\u00bbstretch_row_content_no_spaces\u00a0\u00bb el_class=\u00a0\u00bbabout-us\u00a0\u00bb css=\u00a0\u00bb.vc_custom_1456988506567{margin-top: 100px !important;margin-bottom: 0px !important;padding-bottom: 89px !important;}\u00a0\u00bb][vc_column el_class=\u00a0\u00bbcontainer float\u00a0\u00bb][vc_column_text css=\u00a0\u00bb\u00a0\u00bb]&nbsp; LECOMobilya ! Bienvenue sur la page \u00ab\u00a0Qui Sommes-Nous?\u00a0\u00bb de LecoMobilya, votre destination privil\u00e9gi\u00e9e pour l&rsquo;ameublement en ligne en Tunisie. Nous sommes bien plus qu&rsquo;une simple plateforme de vente de meubles ; nous sommes une \u00e9quipe passionn\u00e9e qui s&rsquo;engage \u00e0 red\u00e9finir votre exp\u00e9rience &hellip; <a href=\"https:\/\/leco-mobilya.com\/index.php\/about-us\/\">Readmore<\/a><\/p>\n","protected":false},"author":1,"featured_media":0,"parent":0,"menu_order":0,"comment_status":"closed","ping_status":"closed","template":"","meta":{"footnotes":""},"class_list":["post-349","page","type-page","status-publish","hentry"],"jetpack_sharing_enabled":true,"_links":{"self":[{"href":"https:\/\/leco-mobilya.com\/index.php\/wp-json\/wp\/v2\/pages\/349","targetHints":{"allow":["GET"]}}],"collection":[{"href":"https:\/\/leco-mobilya.com\/index.php\/wp-json\/wp\/v2\/pages"}],"about":[{"href":"https:\/\/leco-mobilya.com\/index.php\/wp-json\/wp\/v2\/types\/page"}],"author":[{"embeddable":true,"href":"https:\/\/leco-mobilya.com\/index.php\/wp-json\/wp\/v2\/users\/1"}],"replies":[{"embeddable":true,"href":"https:\/\/leco-mobilya.com\/index.php\/wp-json\/wp\/v2\/comments?post=349"}],"version-history":[{"count":3,"href":"https:\/\/leco-mobilya.com\/index.php\/wp-json\/wp\/v2\/pages\/349\/revisions"}],"predecessor-version":[{"id":2072,"href":"https:\/\/leco-mobilya.com\/index.php\/wp-json\/wp\/v2\/pages\/349\/revisions\/2072"}],"wp:attachment":[{"href":"https:\/\/leco-mobilya.com\/index.php\/wp-json\/wp\/v2\/media?parent=349"}],"curies":[{"name":"wp","href":"https:\/\/api.w.org\/{rel}","templated":true}]}}